{"id":323,"date":"2021-05-18T09:55:32","date_gmt":"2021-05-18T07:55:32","guid":{"rendered":"https:\/\/www.rcrarquitectes.es\/dibuix\/presentacio\/"},"modified":"2021-05-25T05:53:36","modified_gmt":"2021-05-25T03:53:36","slug":"presentacio","status":"publish","type":"page","link":"https:\/\/www.rcrarquitectes.es\/en\/dibuix\/presentacio\/","title":{"rendered":"Presentaci\u00f3"},"content":{"rendered":"<p><strong>Somnis d\u2019aigua i paper<\/strong><\/p>\n<p>Els esbossos i aquarel\u00b7les de RCR expressen \u201call\u00f2 que no pot fer-se amb paraules i que encara no t\u00e9 forma,<br \/>\nall\u00f2 que expressa una intenci\u00f3.\u201d<\/p>\n<p style=\"text-align: right;\"><em>Josep Maria Montaner<\/em><\/p>\n<p>\u201cEn efecte, el llenguatge de RCR \u00e9s lliure, com la seva mateixa aplicaci\u00f3, perqu\u00e8 tant la seva g\u00e8nesi com la seva evoluci\u00f3 els trobem en les seves pintures i en els seus edificis constru\u00efts, que s\u00f3n al seu torn signes i s\u00edmbols, formes integrades en el seu context i que no renuncien a l\u2019eleg\u00e0ncia, a la bellesa ia la senzillesa.\u201d<\/p>\n<p style=\"text-align: right;\"><em>Daniel Giralt-Miracle<\/em><\/p>\n<p>Des dels inicis, el proc\u00e9s creatiu de RCR s\u2019origina i desenvolupa a partir del dibuix. A la fi dels anys noranta, l\u2019aiguada de tinta s\u2019imposa com a m\u00e8tode de creaci\u00f3 singular. La aigualida de tinta esdev\u00e9 un instrument simple per\u00f2 molt poder\u00f3s per al desenvolupament dels projectes de RCR Arquitectes des d\u2019una s\u00edntesi pl\u00e0stica i conceptual. Una intu\u00efci\u00f3 i cristal\u00b7litzaci\u00f3 d\u2019una idea inicial queden fixades en unes aiguades de tinta, que permeten seguir el proc\u00e9s de creaci\u00f3 d\u2019un projecte. Des de la simplicitat d\u2019una primera intu\u00efci\u00f3 fins al resultat final, de gran complexitat, els dibuixos, els esbossos i els organigrames, serveixen per pensar i comunicar un projecte.<\/p>\n<p>Amb l\u2019aiguada de tinta aconsegueixen abstreure la seva ess\u00e8ncia encara imprecisa en tra\u00e7os l\u00edquids que s\u2019assemblen a el m\u00f3n l\u00edquid dels somnis. Les aiguades de tinta es presten a la transpar\u00e8ncia, a les capes, als vels, que no comprometen el resultat final, mentre que sedueixen durant el tr\u00e0nsit cap a la materialitzaci\u00f3 de l\u2019espai o la captaci\u00f3 de el record d\u2019una atmosfera, densitats, colors o qualitats mat\u00e8riques. Amb el temps han anat adquirint autonomia art\u00edstica fins a conformar una obra sobre paper que ja no vol ser projecte sin\u00f3 expressi\u00f3 en si mateixa.<\/p>\n<p>Aquesta secci\u00f3 s\u2019articula en tres apartats: dibuix conceptual, dibuix art\u00edstic i espai de paper.<\/p>\n<p>El projecte de documentaci\u00f3 i arxiu d\u2019esbossos classificats com dibuix conceptual ha estat subvencionada pel Departament de Culltura de la Generalitat de Catalunya sota el t\u00edtol de El dibuix com a eina creativa del projecte arquitect\u00f2nic.<\/p>\n<p><strong>5.746 dibuixos conceptuals<\/strong><\/p>\n<p><strong>691 dibuixos art\u00edstics<\/strong><\/p>\n<p><strong>2 instal\u00b7lacions de paper<\/strong><\/p>\n","protected":false},"excerpt":{"rendered":"<p>Somnis d\u2019aigua i paper Els esbossos i aquarel\u00b7les de RCR expressen \u201call\u00f2 que no pot fer-se amb paraules i que encara no t\u00e9 forma, all\u00f2 que expressa una intenci\u00f3.\u201d Josep Maria Montaner \u201cEn efecte, el llenguatge de RCR \u00e9s lliure, com la seva mateixa aplicaci\u00f3, perqu\u00e8 tant la seva g\u00e8nesi com la seva evoluci\u00f3 els [&hellip;]<\/p>\n","protected":false},"author":3,"featured_media":0,"parent":74,"menu_order":75,"comment_status":"closed","ping_status":"closed","template":"page-templates\/media_text.php","meta":{"_acf_changed":false,"inline_featured_image":false,"footnotes":""},"class_list":["post-323","page","type-page","status-publish","hentry"],"acf":[],"yoast_head":"<!-- This site is optimized with the Yoast SEO plugin v27.3 - https:\/\/yoast.com\/product\/yoast-seo-wordpress\/ -->\n<title>Presentaci\u00f3 - RCR Arquitectes<\/title>\n<meta name=\"robots\" content=\"index, follow, max-snippet:-1, max-image-preview:large, max-video-preview:-1\" \/>\n<link rel=\"canonical\" href=\"https:\/\/www.rcrarquitectes.es\/en\/dibuix\/presentacio\/\" \/>\n<meta property=\"og:locale\" content=\"en_US\" \/>\n<meta property=\"og:type\" content=\"article\" \/>\n<meta property=\"og:title\" content=\"Presentaci\u00f3 - RCR Arquitectes\" \/>\n<meta property=\"og:description\" content=\"Somnis d\u2019aigua i paper Els esbossos i aquarel\u00b7les de RCR expressen \u201call\u00f2 que no pot fer-se amb paraules i que encara no t\u00e9 forma, all\u00f2 que expressa una intenci\u00f3.\u201d Josep Maria Montaner \u201cEn efecte, el llenguatge de RCR \u00e9s lliure, com la seva mateixa aplicaci\u00f3, perqu\u00e8 tant la seva g\u00e8nesi com la seva evoluci\u00f3 els [&hellip;]\" \/>\n<meta property=\"og:url\" content=\"https:\/\/www.rcrarquitectes.es\/en\/dibuix\/presentacio\/\" \/>\n<meta property=\"og:site_name\" content=\"RCR Arquitectes\" \/>\n<meta property=\"article:modified_time\" content=\"2021-05-25T03:53:36+00:00\" \/>\n<meta name=\"twitter:card\" content=\"summary_large_image\" \/>\n<meta name=\"twitter:label1\" content=\"Est. reading time\" \/>\n\t<meta name=\"twitter:data1\" content=\"2 minutes\" \/>\n<script type=\"application\/ld+json\" class=\"yoast-schema-graph\">{\"@context\":\"https:\\\/\\\/schema.org\",\"@graph\":[{\"@type\":\"WebPage\",\"@id\":\"https:\\\/\\\/www.rcrarquitectes.es\\\/en\\\/dibuix\\\/presentacio\\\/\",\"url\":\"https:\\\/\\\/www.rcrarquitectes.es\\\/en\\\/dibuix\\\/presentacio\\\/\",\"name\":\"Presentaci\u00f3 - RCR Arquitectes\",\"isPartOf\":{\"@id\":\"https:\\\/\\\/www.rcrarquitectes.es\\\/#website\"},\"datePublished\":\"2021-05-18T07:55:32+00:00\",\"dateModified\":\"2021-05-25T03:53:36+00:00\",\"breadcrumb\":{\"@id\":\"https:\\\/\\\/www.rcrarquitectes.es\\\/en\\\/dibuix\\\/presentacio\\\/#breadcrumb\"},\"inLanguage\":\"en-US\",\"potentialAction\":[{\"@type\":\"ReadAction\",\"target\":[\"https:\\\/\\\/www.rcrarquitectes.es\\\/en\\\/dibuix\\\/presentacio\\\/\"]}]},{\"@type\":\"BreadcrumbList\",\"@id\":\"https:\\\/\\\/www.rcrarquitectes.es\\\/en\\\/dibuix\\\/presentacio\\\/#breadcrumb\",\"itemListElement\":[{\"@type\":\"ListItem\",\"position\":1,\"name\":\"Drawings\",\"item\":\"https:\\\/\\\/www.rcrarquitectes.es\\\/en\\\/dibuix\\\/\"},{\"@type\":\"ListItem\",\"position\":2,\"name\":\"Presentaci\u00f3\"}]},{\"@type\":\"WebSite\",\"@id\":\"https:\\\/\\\/www.rcrarquitectes.es\\\/#website\",\"url\":\"https:\\\/\\\/www.rcrarquitectes.es\\\/\",\"name\":\"RCR Arquitectes\",\"description\":\"The universe of shared creativity\",\"potentialAction\":[{\"@type\":\"SearchAction\",\"target\":{\"@type\":\"EntryPoint\",\"urlTemplate\":\"https:\\\/\\\/www.rcrarquitectes.es\\\/?s={search_term_string}\"},\"query-input\":{\"@type\":\"PropertyValueSpecification\",\"valueRequired\":true,\"valueName\":\"search_term_string\"}}],\"inLanguage\":\"en-US\"}]}<\/script>\n<!-- \/ Yoast SEO plugin. -->","yoast_head_json":{"title":"Presentaci\u00f3 - RCR Arquitectes","robots":{"index":"index","follow":"follow","max-snippet":"max-snippet:-1","max-image-preview":"max-image-preview:large","max-video-preview":"max-video-preview:-1"},"canonical":"https:\/\/www.rcrarquitectes.es\/en\/dibuix\/presentacio\/","og_locale":"en_US","og_type":"article","og_title":"Presentaci\u00f3 - RCR Arquitectes","og_description":"Somnis d\u2019aigua i paper Els esbossos i aquarel\u00b7les de RCR expressen \u201call\u00f2 que no pot fer-se amb paraules i que encara no t\u00e9 forma, all\u00f2 que expressa una intenci\u00f3.\u201d Josep Maria Montaner \u201cEn efecte, el llenguatge de RCR \u00e9s lliure, com la seva mateixa aplicaci\u00f3, perqu\u00e8 tant la seva g\u00e8nesi com la seva evoluci\u00f3 els [&hellip;]","og_url":"https:\/\/www.rcrarquitectes.es\/en\/dibuix\/presentacio\/","og_site_name":"RCR Arquitectes","article_modified_time":"2021-05-25T03:53:36+00:00","twitter_card":"summary_large_image","twitter_misc":{"Est. reading time":"2 minutes"},"schema":{"@context":"https:\/\/schema.org","@graph":[{"@type":"WebPage","@id":"https:\/\/www.rcrarquitectes.es\/en\/dibuix\/presentacio\/","url":"https:\/\/www.rcrarquitectes.es\/en\/dibuix\/presentacio\/","name":"Presentaci\u00f3 - RCR Arquitectes","isPartOf":{"@id":"https:\/\/www.rcrarquitectes.es\/#website"},"datePublished":"2021-05-18T07:55:32+00:00","dateModified":"2021-05-25T03:53:36+00:00","breadcrumb":{"@id":"https:\/\/www.rcrarquitectes.es\/en\/dibuix\/presentacio\/#breadcrumb"},"inLanguage":"en-US","potentialAction":[{"@type":"ReadAction","target":["https:\/\/www.rcrarquitectes.es\/en\/dibuix\/presentacio\/"]}]},{"@type":"BreadcrumbList","@id":"https:\/\/www.rcrarquitectes.es\/en\/dibuix\/presentacio\/#breadcrumb","itemListElement":[{"@type":"ListItem","position":1,"name":"Drawings","item":"https:\/\/www.rcrarquitectes.es\/en\/dibuix\/"},{"@type":"ListItem","position":2,"name":"Presentaci\u00f3"}]},{"@type":"WebSite","@id":"https:\/\/www.rcrarquitectes.es\/#website","url":"https:\/\/www.rcrarquitectes.es\/","name":"RCR Arquitectes","description":"The universe of shared creativity","potentialAction":[{"@type":"SearchAction","target":{"@type":"EntryPoint","urlTemplate":"https:\/\/www.rcrarquitectes.es\/?s={search_term_string}"},"query-input":{"@type":"PropertyValueSpecification","valueRequired":true,"valueName":"search_term_string"}}],"inLanguage":"en-US"}]}},"_links":{"self":[{"href":"https:\/\/www.rcrarquitectes.es\/en\/wp-json\/wp\/v2\/pages\/323","targetHints":{"allow":["GET"]}}],"collection":[{"href":"https:\/\/www.rcrarquitectes.es\/en\/wp-json\/wp\/v2\/pages"}],"about":[{"href":"https:\/\/www.rcrarquitectes.es\/en\/wp-json\/wp\/v2\/types\/page"}],"author":[{"embeddable":true,"href":"https:\/\/www.rcrarquitectes.es\/en\/wp-json\/wp\/v2\/users\/3"}],"replies":[{"embeddable":true,"href":"https:\/\/www.rcrarquitectes.es\/en\/wp-json\/wp\/v2\/comments?post=323"}],"version-history":[{"count":1,"href":"https:\/\/www.rcrarquitectes.es\/en\/wp-json\/wp\/v2\/pages\/323\/revisions"}],"predecessor-version":[{"id":327,"href":"https:\/\/www.rcrarquitectes.es\/en\/wp-json\/wp\/v2\/pages\/323\/revisions\/327"}],"up":[{"embeddable":true,"href":"https:\/\/www.rcrarquitectes.es\/en\/wp-json\/wp\/v2\/pages\/74"}],"wp:attachment":[{"href":"https:\/\/www.rcrarquitectes.es\/en\/wp-json\/wp\/v2\/media?parent=323"}],"curies":[{"name":"wp","href":"https:\/\/api.w.org\/{rel}","templated":true}]}}