{"id":7014,"date":"2022-04-29T09:51:35","date_gmt":"2022-04-29T07:51:35","guid":{"rendered":"https:\/\/www.rcrarquitectes.es\/subscriu-te-a-la-newsletter\/"},"modified":"2022-04-29T10:54:12","modified_gmt":"2022-04-29T08:54:12","slug":"subscriu-te-a-la-newsletter","status":"publish","type":"page","link":"https:\/\/www.rcrarquitectes.es\/en\/subscriu-te-a-la-newsletter\/","title":{"rendered":"Subscriu-te a la newsletter"},"content":{"rendered":"<p><!-- Begin Mailchimp Signup Form --><\/p>\n<div id=\"mc_embed_signup\">\n<form action=\"https:\/\/labarcrarquitectes.us15.list-manage.com\/subscribe\/post?u=ee3a117fed50d3c3ee83f8d2c&amp;id=1206bfe1af\" method=\"post\" id=\"mc-embedded-subscribe-form\" name=\"mc-embedded-subscribe-form\" class=\"validate\" target=\"_blank\" novalidate>\n<div id=\"mc_embed_signup_scroll\">\n<div class=\"mc-field-group\">\n\t<label for=\"mce-EMAIL\">Email  <span class=\"asterisk\">*<\/span><br \/>\n<\/label><br \/>\n\t<input type=\"email\" value=\"\" name=\"EMAIL\" class=\"required email\" id=\"mce-EMAIL\">\n<\/div>\n<div id=\"mce-responses\" class=\"clear\">\n<div class=\"response\" id=\"mce-error-response\" style=\"display:none\"><\/div>\n<div class=\"response\" id=\"mce-success-response\" style=\"display:none\"><\/div>\n<\/p><\/div>\n<p>    <!-- real people should not fill this in and expect good things - do not remove this or risk form bot signups--><\/p>\n<div style=\"position: absolute; left: -5000px;\" aria-hidden=\"true\"><input type=\"text\" name=\"b_ee3a117fed50d3c3ee83f8d2c_1206bfe1af\" tabindex=\"-1\" value=\"\"><\/div>\n<div class=\"clear\"><input type=\"submit\" value=\"Subscriu-te\" name=\"subscribe\" id=\"mc-embedded-subscribe\" class=\"button\"><\/div>\n<\/p><\/div>\n<\/form>\n<\/div>\n<p><script type='text\/javascript' src='\/\/s3.amazonaws.com\/downloads.mailchimp.com\/js\/mc-validate.js'><\/script><script type='text\/javascript'>(function($) {window.fnames = new Array(); window.ftypes = new Array();fnames[0]='EMAIL';ftypes[0]='email';}(jQuery));var $mcj = jQuery.noConflict(true);\n\/**\n    To customize your embedded form validation messages, place this code before the closing script tag.\n *\/\n$mcj.extend($mcj.validator.messages, {\n    required: \"Camp obligatori\",\n    email: \"Introdueix una adre\u00e7a de correu electr\u00f2nic v\u00e0lida\",\n});<\/script><br \/>\n<!--End mc_embed_signup--><\/p>\n","protected":false},"excerpt":{"rendered":"<p>Email *<\/p>\n","protected":false},"author":3,"featured_media":0,"parent":0,"menu_order":181,"comment_status":"closed","ping_status":"closed","template":"page-templates\/legal.php","meta":{"_acf_changed":false,"inline_featured_image":false,"footnotes":""},"class_list":["post-7014","page","type-page","status-publish","hentry"],"acf":[],"yoast_head":"<!-- This site is optimized with the Yoast SEO plugin v27.4 - https:\/\/yoast.com\/product\/yoast-seo-wordpress\/ -->\n<title>Subscriu-te a la newsletter - RCR Arquitectes<\/title>\n<meta name=\"robots\" content=\"index, follow, max-snippet:-1, max-image-preview:large, max-video-preview:-1\" \/>\n<link rel=\"canonical\" href=\"https:\/\/www.rcrarquitectes.es\/en\/subscriu-te-a-la-newsletter\/\" \/>\n<meta property=\"og:locale\" content=\"en_US\" \/>\n<meta property=\"og:type\" content=\"article\" \/>\n<meta property=\"og:title\" content=\"Subscriu-te a la newsletter - RCR Arquitectes\" \/>\n<meta property=\"og:description\" content=\"Email *\" \/>\n<meta property=\"og:url\" content=\"https:\/\/www.rcrarquitectes.es\/en\/subscriu-te-a-la-newsletter\/\" \/>\n<meta property=\"og:site_name\" content=\"RCR Arquitectes\" \/>\n<meta property=\"article:modified_time\" content=\"2022-04-29T08:54:12+00:00\" \/>\n<meta name=\"twitter:card\" content=\"summary_large_image\" \/>\n<script type=\"application\/ld+json\" class=\"yoast-schema-graph\">{\"@context\":\"https:\\\/\\\/schema.org\",\"@graph\":[{\"@type\":\"WebPage\",\"@id\":\"https:\\\/\\\/www.rcrarquitectes.es\\\/en\\\/subscriu-te-a-la-newsletter\\\/\",\"url\":\"https:\\\/\\\/www.rcrarquitectes.es\\\/en\\\/subscriu-te-a-la-newsletter\\\/\",\"name\":\"Subscriu-te a la newsletter - RCR Arquitectes\",\"isPartOf\":{\"@id\":\"https:\\\/\\\/www.rcrarquitectes.es\\\/#website\"},\"datePublished\":\"2022-04-29T07:51:35+00:00\",\"dateModified\":\"2022-04-29T08:54:12+00:00\",\"inLanguage\":\"en-US\",\"potentialAction\":[{\"@type\":\"ReadAction\",\"target\":[\"https:\\\/\\\/www.rcrarquitectes.es\\\/en\\\/subscriu-te-a-la-newsletter\\\/\"]}]},{\"@type\":\"WebSite\",\"@id\":\"https:\\\/\\\/www.rcrarquitectes.es\\\/#website\",\"url\":\"https:\\\/\\\/www.rcrarquitectes.es\\\/\",\"name\":\"RCR Arquitectes\",\"description\":\"The universe of shared creativity\",\"potentialAction\":[{\"@type\":\"SearchAction\",\"target\":{\"@type\":\"EntryPoint\",\"urlTemplate\":\"https:\\\/\\\/www.rcrarquitectes.es\\\/?s={search_term_string}\"},\"query-input\":{\"@type\":\"PropertyValueSpecification\",\"valueRequired\":true,\"valueName\":\"search_term_string\"}}],\"inLanguage\":\"en-US\"}]}<\/script>\n<!-- \/ Yoast SEO plugin. -->","yoast_head_json":{"title":"Subscriu-te a la newsletter - RCR Arquitectes","robots":{"index":"index","follow":"follow","max-snippet":"max-snippet:-1","max-image-preview":"max-image-preview:large","max-video-preview":"max-video-preview:-1"},"canonical":"https:\/\/www.rcrarquitectes.es\/en\/subscriu-te-a-la-newsletter\/","og_locale":"en_US","og_type":"article","og_title":"Subscriu-te a la newsletter - RCR Arquitectes","og_description":"Email *","og_url":"https:\/\/www.rcrarquitectes.es\/en\/subscriu-te-a-la-newsletter\/","og_site_name":"RCR Arquitectes","article_modified_time":"2022-04-29T08:54:12+00:00","twitter_card":"summary_large_image","schema":{"@context":"https:\/\/schema.org","@graph":[{"@type":"WebPage","@id":"https:\/\/www.rcrarquitectes.es\/en\/subscriu-te-a-la-newsletter\/","url":"https:\/\/www.rcrarquitectes.es\/en\/subscriu-te-a-la-newsletter\/","name":"Subscriu-te a la newsletter - RCR Arquitectes","isPartOf":{"@id":"https:\/\/www.rcrarquitectes.es\/#website"},"datePublished":"2022-04-29T07:51:35+00:00","dateModified":"2022-04-29T08:54:12+00:00","inLanguage":"en-US","potentialAction":[{"@type":"ReadAction","target":["https:\/\/www.rcrarquitectes.es\/en\/subscriu-te-a-la-newsletter\/"]}]},{"@type":"WebSite","@id":"https:\/\/www.rcrarquitectes.es\/#website","url":"https:\/\/www.rcrarquitectes.es\/","name":"RCR Arquitectes","description":"The universe of shared creativity","potentialAction":[{"@type":"SearchAction","target":{"@type":"EntryPoint","urlTemplate":"https:\/\/www.rcrarquitectes.es\/?s={search_term_string}"},"query-input":{"@type":"PropertyValueSpecification","valueRequired":true,"valueName":"search_term_string"}}],"inLanguage":"en-US"}]}},"_links":{"self":[{"href":"https:\/\/www.rcrarquitectes.es\/en\/wp-json\/wp\/v2\/pages\/7014","targetHints":{"allow":["GET"]}}],"collection":[{"href":"https:\/\/www.rcrarquitectes.es\/en\/wp-json\/wp\/v2\/pages"}],"about":[{"href":"https:\/\/www.rcrarquitectes.es\/en\/wp-json\/wp\/v2\/types\/page"}],"author":[{"embeddable":true,"href":"https:\/\/www.rcrarquitectes.es\/en\/wp-json\/wp\/v2\/users\/3"}],"replies":[{"embeddable":true,"href":"https:\/\/www.rcrarquitectes.es\/en\/wp-json\/wp\/v2\/comments?post=7014"}],"version-history":[{"count":5,"href":"https:\/\/www.rcrarquitectes.es\/en\/wp-json\/wp\/v2\/pages\/7014\/revisions"}],"predecessor-version":[{"id":7046,"href":"https:\/\/www.rcrarquitectes.es\/en\/wp-json\/wp\/v2\/pages\/7014\/revisions\/7046"}],"wp:attachment":[{"href":"https:\/\/www.rcrarquitectes.es\/en\/wp-json\/wp\/v2\/media?parent=7014"}],"curies":[{"name":"wp","href":"https:\/\/api.w.org\/{rel}","templated":true}]}}