{"id":6991,"date":"2022-04-28T17:45:57","date_gmt":"2022-04-28T15:45:57","guid":{"rendered":"https:\/\/www.rcrarquitectes.es\/politica-de-cookies\/"},"modified":"2022-05-01T15:08:27","modified_gmt":"2022-05-01T13:08:27","slug":"politica-de-cookies","status":"publish","type":"page","link":"https:\/\/www.rcrarquitectes.es\/es\/politica-de-cookies\/","title":{"rendered":"Pol\u00edtica de cookies"},"content":{"rendered":"<div>\n<p>De conformidad con la <i>Ley 34\/2002 de Servicios de la Sociedad de la Informaci\u00f3n y de Comercio Electr\u00f3nico (LSSI)<\/i>\u00a0informamos sobre las <i>cookies <\/i>utilizadas de acuerdo con su finalidad.<\/p>\n<\/div>\n<div>\n<p><b><i>Cookies<\/i><\/b><b> utilizadas<\/b><\/p>\n<\/div>\n<div>\n<p>Las <i>cookies<\/i> que utilizamos en este espacio web son: i) las t\u00e9cnicas que est\u00e1n al servicio de permitir la navegaci\u00f3n y realizar inscripciones en formularios presentados y los pagos de prestaciones de servicios que se derivan; ii) las de personalizaci\u00f3n para predefinir el idioma y iii) las de an\u00e1lisis para permitir la medici\u00f3n de la actividad.<\/p>\n<\/div>\n<div>\n<p>En caso de no conformidad con la utilizaci\u00f3n de estas <i>cookies<\/i> el usuario puede rechazarlas y dejar de navegar o bien modificarlas en la configuraci\u00f3n de su navegador.<\/p>\n<\/div>\n<div>\n<p><b>Consentimiento<\/b><\/p>\n<\/div>\n<div>\n<p>Al aceptar las <i>cookies<\/i> queda establecido un consentimiento expreso sobre el tratamiento de datos que estas utilizan y que se remite a lo establecido en la pol\u00edtica de privacidad o de protecci\u00f3n de datos de cada una de las entidades.<\/p>\n<\/div>\n<div><b>Actualizaci\u00f3n. <\/b><\/div>\n<p>Mayo 2022<\/p>\n","protected":false},"excerpt":{"rendered":"<p>De conformidad con la Ley 34\/2002 de Servicios de la Sociedad de la Informaci\u00f3n y de Comercio Electr\u00f3nico (LSSI)\u00a0informamos sobre las cookies utilizadas de acuerdo con su finalidad. Cookies utilizadas Las cookies que utilizamos en este espacio web son: i) las t\u00e9cnicas que est\u00e1n al servicio de permitir la navegaci\u00f3n y realizar inscripciones en formularios [&hellip;]<\/p>\n","protected":false},"author":3,"featured_media":0,"parent":0,"menu_order":173,"comment_status":"closed","ping_status":"closed","template":"page-templates\/legal.php","meta":{"_acf_changed":false,"inline_featured_image":false,"footnotes":""},"class_list":["post-6991","page","type-page","status-publish","hentry"],"acf":[],"yoast_head":"<!-- This site is optimized with the Yoast SEO plugin v27.5 - https:\/\/yoast.com\/product\/yoast-seo-wordpress\/ -->\n<title>Pol\u00edtica de cookies - RCR Arquitectes<\/title>\n<meta name=\"robots\" content=\"index, follow, max-snippet:-1, max-image-preview:large, max-video-preview:-1\" \/>\n<link rel=\"canonical\" href=\"https:\/\/www.rcrarquitectes.es\/es\/politica-de-cookies\/\" \/>\n<meta property=\"og:locale\" content=\"es_ES\" \/>\n<meta property=\"og:type\" content=\"article\" \/>\n<meta property=\"og:title\" content=\"Pol\u00edtica de cookies - RCR Arquitectes\" \/>\n<meta property=\"og:description\" content=\"De conformidad con la Ley 34\/2002 de Servicios de la Sociedad de la Informaci\u00f3n y de Comercio Electr\u00f3nico (LSSI)\u00a0informamos sobre las cookies utilizadas de acuerdo con su finalidad. Cookies utilizadas Las cookies que utilizamos en este espacio web son: i) las t\u00e9cnicas que est\u00e1n al servicio de permitir la navegaci\u00f3n y realizar inscripciones en formularios [&hellip;]\" \/>\n<meta property=\"og:url\" content=\"https:\/\/www.rcrarquitectes.es\/es\/politica-de-cookies\/\" \/>\n<meta property=\"og:site_name\" content=\"RCR Arquitectes\" \/>\n<meta property=\"article:modified_time\" content=\"2022-05-01T13:08:27+00:00\" \/>\n<meta name=\"twitter:card\" content=\"summary_large_image\" \/>\n<meta name=\"twitter:label1\" content=\"Tiempo de lectura\" \/>\n\t<meta name=\"twitter:data1\" content=\"1 minuto\" \/>\n<script type=\"application\/ld+json\" class=\"yoast-schema-graph\">{\"@context\":\"https:\\\/\\\/schema.org\",\"@graph\":[{\"@type\":\"WebPage\",\"@id\":\"https:\\\/\\\/www.rcrarquitectes.es\\\/es\\\/politica-de-cookies\\\/\",\"url\":\"https:\\\/\\\/www.rcrarquitectes.es\\\/es\\\/politica-de-cookies\\\/\",\"name\":\"Pol\u00edtica de cookies - RCR Arquitectes\",\"isPartOf\":{\"@id\":\"https:\\\/\\\/www.rcrarquitectes.es\\\/#website\"},\"datePublished\":\"2022-04-28T15:45:57+00:00\",\"dateModified\":\"2022-05-01T13:08:27+00:00\",\"inLanguage\":\"es\",\"potentialAction\":[{\"@type\":\"ReadAction\",\"target\":[\"https:\\\/\\\/www.rcrarquitectes.es\\\/es\\\/politica-de-cookies\\\/\"]}]},{\"@type\":\"WebSite\",\"@id\":\"https:\\\/\\\/www.rcrarquitectes.es\\\/#website\",\"url\":\"https:\\\/\\\/www.rcrarquitectes.es\\\/\",\"name\":\"RCR Arquitectes\",\"description\":\"El universo de la creatividad compartida\",\"potentialAction\":[{\"@type\":\"SearchAction\",\"target\":{\"@type\":\"EntryPoint\",\"urlTemplate\":\"https:\\\/\\\/www.rcrarquitectes.es\\\/?s={search_term_string}\"},\"query-input\":{\"@type\":\"PropertyValueSpecification\",\"valueRequired\":true,\"valueName\":\"search_term_string\"}}],\"inLanguage\":\"es\"}]}<\/script>\n<!-- \/ Yoast SEO plugin. -->","yoast_head_json":{"title":"Pol\u00edtica de cookies - RCR Arquitectes","robots":{"index":"index","follow":"follow","max-snippet":"max-snippet:-1","max-image-preview":"max-image-preview:large","max-video-preview":"max-video-preview:-1"},"canonical":"https:\/\/www.rcrarquitectes.es\/es\/politica-de-cookies\/","og_locale":"es_ES","og_type":"article","og_title":"Pol\u00edtica de cookies - RCR Arquitectes","og_description":"De conformidad con la Ley 34\/2002 de Servicios de la Sociedad de la Informaci\u00f3n y de Comercio Electr\u00f3nico (LSSI)\u00a0informamos sobre las cookies utilizadas de acuerdo con su finalidad. Cookies utilizadas Las cookies que utilizamos en este espacio web son: i) las t\u00e9cnicas que est\u00e1n al servicio de permitir la navegaci\u00f3n y realizar inscripciones en formularios [&hellip;]","og_url":"https:\/\/www.rcrarquitectes.es\/es\/politica-de-cookies\/","og_site_name":"RCR Arquitectes","article_modified_time":"2022-05-01T13:08:27+00:00","twitter_card":"summary_large_image","twitter_misc":{"Tiempo de lectura":"1 minuto"},"schema":{"@context":"https:\/\/schema.org","@graph":[{"@type":"WebPage","@id":"https:\/\/www.rcrarquitectes.es\/es\/politica-de-cookies\/","url":"https:\/\/www.rcrarquitectes.es\/es\/politica-de-cookies\/","name":"Pol\u00edtica de cookies - RCR Arquitectes","isPartOf":{"@id":"https:\/\/www.rcrarquitectes.es\/#website"},"datePublished":"2022-04-28T15:45:57+00:00","dateModified":"2022-05-01T13:08:27+00:00","inLanguage":"es","potentialAction":[{"@type":"ReadAction","target":["https:\/\/www.rcrarquitectes.es\/es\/politica-de-cookies\/"]}]},{"@type":"WebSite","@id":"https:\/\/www.rcrarquitectes.es\/#website","url":"https:\/\/www.rcrarquitectes.es\/","name":"RCR Arquitectes","description":"El universo de la creatividad compartida","potentialAction":[{"@type":"SearchAction","target":{"@type":"EntryPoint","urlTemplate":"https:\/\/www.rcrarquitectes.es\/?s={search_term_string}"},"query-input":{"@type":"PropertyValueSpecification","valueRequired":true,"valueName":"search_term_string"}}],"inLanguage":"es"}]}},"_links":{"self":[{"href":"https:\/\/www.rcrarquitectes.es\/es\/wp-json\/wp\/v2\/pages\/6991","targetHints":{"allow":["GET"]}}],"collection":[{"href":"https:\/\/www.rcrarquitectes.es\/es\/wp-json\/wp\/v2\/pages"}],"about":[{"href":"https:\/\/www.rcrarquitectes.es\/es\/wp-json\/wp\/v2\/types\/page"}],"author":[{"embeddable":true,"href":"https:\/\/www.rcrarquitectes.es\/es\/wp-json\/wp\/v2\/users\/3"}],"replies":[{"embeddable":true,"href":"https:\/\/www.rcrarquitectes.es\/es\/wp-json\/wp\/v2\/comments?post=6991"}],"version-history":[{"count":3,"href":"https:\/\/www.rcrarquitectes.es\/es\/wp-json\/wp\/v2\/pages\/6991\/revisions"}],"predecessor-version":[{"id":7054,"href":"https:\/\/www.rcrarquitectes.es\/es\/wp-json\/wp\/v2\/pages\/6991\/revisions\/7054"}],"wp:attachment":[{"href":"https:\/\/www.rcrarquitectes.es\/es\/wp-json\/wp\/v2\/media?parent=6991"}],"curies":[{"name":"wp","href":"https:\/\/api.w.org\/{rel}","templated":true}]}}