{"id":6994,"date":"2022-04-28T17:44:22","date_gmt":"2022-04-28T15:44:22","guid":{"rendered":"https:\/\/www.rcrarquitectes.es\/avis-legal\/"},"modified":"2022-10-03T10:31:01","modified_gmt":"2022-10-03T08:31:01","slug":"avis-legal","status":"publish","type":"page","link":"https:\/\/www.rcrarquitectes.es\/es\/avis-legal\/","title":{"rendered":"Aviso legal"},"content":{"rendered":"<p style=\"font-weight: 400;\">En cumplimiento del art\u00edculo 10 de la Ley 34\/2002, de 11 de julio, de Sociedad de la Informaci\u00f3n y Comercio Electr\u00f3nico (LSSI) se exponen a continuaci\u00f3n los datos identificativos de cada una de las entidades.<\/p>\n<p style=\"font-weight: 400;\"><strong>Bunka.<\/strong> RCR BUNKA Fundaci\u00f3 privada<br \/>\nG-55170328<br \/>\nMari\u00e0 Vayreda, 23<br \/>\n17800 \u00a0Olot (Girona)<br \/>\n<a href=\"mailto:comunicacio@rcrbunkafundacio.cat\">comunicacio@rcrbunkafundacio.cat<\/a><br \/>\nTel. +34 616.250.149<\/p>\n<p style=\"font-weight: 400;\">El dominio rcrbunkafundacio.cat es propiedad de RCR BUNKA Fundaci\u00f3n privada que se encuentra inscrita en el Registro de Fundaciones de la Generalitat de Catalunya con el n\u00famero 2809 y fecha 24 de febrero de 2014.<\/p>\n<p style=\"font-weight: 400;\"><strong>LabA.<\/strong> RCR LAB\u00b7A, SL<br \/>\nB-55297972<br \/>\nMari\u00e0 Vayreda, 23<br \/>\n17800 \u00a0Olot (Girona)<br \/>\n<a href=\"mailto:admin@rcrlaba.cat\">admin@rcrlaba.cat<\/a><br \/>\nTel. +34 616.250.149<\/p>\n<p style=\"font-weight: 400;\">El dominio rcrlaba.cat es propiedad de RCR LAB\u00b7A, SL que se encuentra inscrita en el Registro Mercantil de Girona en el Tomo 3157, Folio 141, Hoja GI-62175, Inscripci\u00f3n 1\u00aa.<\/p>\n<p style=\"font-weight: 400;\"><strong>RCR.<\/strong> RCR Aranda, Pigem, Vilalta, ARQUITECTES, SLP<br \/>\nB-17537846<br \/>\nFontanella, 26<br \/>\n17800 \u00a0Olot (Girona)<br \/>\n<a href=\"mailto:rcr@rcrarquitectes.es\">rcr@rcrarquitectes.es<\/a><br \/>\nTel. +34 972.269.105<\/p>\n<p style=\"font-weight: 400;\">El dominio rcrarquitectes.es es propiedad de RCR ARANDA, PIGEM, VILALTA, ARQUITECTES, SLP que se encuentra inscrita en el Registro Mercantil de Girona en el Tomo 1160, Secci\u00f3n 8\u00aa, Folio 71, Hoja GI-20673, Inscripci\u00f3n 3\u00aa.<\/p>\n<p style=\"font-weight: 400;\"><strong><br \/>\nDerechos reservados<\/strong><\/p>\n<p style=\"font-weight: 400;\">Cada entidad es titular de todos los derechos de propiedad industrial e intelectual del espacio web que le pertenece y de los elementos que contiene, incluyendo no de manera exclusiva, textos, gr\u00e1ficos, im\u00e1genes y v\u00eddeos.<\/p>\n<p style=\"font-weight: 400;\">Todos los derechos est\u00e1n reservados. No se permite la reproducci\u00f3n ni total ni parcial de los contenidos de este espacio web sin autorizaci\u00f3n previa de la entidad correspondiente.<\/p>\n<p style=\"font-weight: 400;\">El usuario se compromete a no utilizar, reproducir, transmitir o difundir bajo ninguna forma el material objeto de estos derechos de propiedad intelectual e industrial sin el consentimiento previo y escrito de la entidad.<\/p>\n<p style=\"font-weight: 400;\"><strong>Uso y funcionamiento<\/strong><\/p>\n<p style=\"font-weight: 400;\">El acceso al contenido web de esta p\u00e1gina confiere la condici\u00f3n de usuario y \u00e9ste deber\u00e1\u00a0hacer uso de la web de conformidad con el presente aviso legal, la ley y\/o normativa vigente y el orden p\u00fablico. El titular de esta web no podr\u00e1 asumir ninguna responsabilidad derivada del uso indebido, incorrecto o il\u00edcito de la web y\/o de su contenido, as\u00ed como de fraudes de suplantaci\u00f3n del nombre del dominio u otras de naturaleza similar. Al contrario, de un mal uso moral la entidad podr\u00e1 presentar una diligencia contra el usuario frente a la administraci\u00f3n competente.<\/p>\n<p style=\"font-weight: 400;\">Esta web ofrece links a recursos o lugares de internet ajenos a la web. La finalidad de estos enlaces es informativa y no constituye en ning\u00fan caso una invitaci\u00f3n a la contrataci\u00f3n de productos o servicios que ofrecen en la web de destino. Por este motivo declinamos toda responsabilidad derivada de acciones u omisiones cometidas por estos lugares, con total independencia y autonom\u00eda respecto de las tres entidades aqu\u00ed representadas.<\/p>\n","protected":false},"excerpt":{"rendered":"<p>En cumplimiento del art\u00edculo 10 de la Ley 34\/2002, de 11 de julio, de Sociedad de la Informaci\u00f3n y Comercio Electr\u00f3nico (LSSI) se exponen a continuaci\u00f3n los datos identificativos de cada una de las entidades. Bunka. RCR BUNKA Fundaci\u00f3 privada G-55170328 Mari\u00e0 Vayreda, 23 17800 \u00a0Olot (Girona) comunicacio@rcrbunkafundacio.cat Tel. +34 616.250.149 El dominio rcrbunkafundacio.cat es [&hellip;]<\/p>\n","protected":false},"author":3,"featured_media":0,"parent":0,"menu_order":173,"comment_status":"closed","ping_status":"closed","template":"page-templates\/legal.php","meta":{"_acf_changed":false,"inline_featured_image":false,"footnotes":""},"class_list":["post-6994","page","type-page","status-publish","hentry"],"acf":[],"yoast_head":"<!-- This site is optimized with the Yoast SEO plugin v27.3 - https:\/\/yoast.com\/product\/yoast-seo-wordpress\/ -->\n<title>Aviso legal - RCR Arquitectes<\/title>\n<meta name=\"robots\" content=\"index, follow, max-snippet:-1, max-image-preview:large, max-video-preview:-1\" \/>\n<link rel=\"canonical\" href=\"https:\/\/www.rcrarquitectes.es\/es\/avis-legal\/\" \/>\n<meta property=\"og:locale\" content=\"es_ES\" \/>\n<meta property=\"og:type\" content=\"article\" \/>\n<meta property=\"og:title\" content=\"Aviso legal - RCR Arquitectes\" \/>\n<meta property=\"og:description\" content=\"En cumplimiento del art\u00edculo 10 de la Ley 34\/2002, de 11 de julio, de Sociedad de la Informaci\u00f3n y Comercio Electr\u00f3nico (LSSI) se exponen a continuaci\u00f3n los datos identificativos de cada una de las entidades. Bunka. RCR BUNKA Fundaci\u00f3 privada G-55170328 Mari\u00e0 Vayreda, 23 17800 \u00a0Olot (Girona) comunicacio@rcrbunkafundacio.cat Tel. +34 616.250.149 El dominio rcrbunkafundacio.cat es [&hellip;]\" \/>\n<meta property=\"og:url\" content=\"https:\/\/www.rcrarquitectes.es\/es\/avis-legal\/\" \/>\n<meta property=\"og:site_name\" content=\"RCR Arquitectes\" \/>\n<meta property=\"article:modified_time\" content=\"2022-10-03T08:31:01+00:00\" \/>\n<meta name=\"twitter:card\" content=\"summary_large_image\" \/>\n<meta name=\"twitter:label1\" content=\"Tiempo de lectura\" \/>\n\t<meta name=\"twitter:data1\" content=\"2 minutos\" \/>\n<script type=\"application\/ld+json\" class=\"yoast-schema-graph\">{\"@context\":\"https:\\\/\\\/schema.org\",\"@graph\":[{\"@type\":\"WebPage\",\"@id\":\"https:\\\/\\\/www.rcrarquitectes.es\\\/es\\\/avis-legal\\\/\",\"url\":\"https:\\\/\\\/www.rcrarquitectes.es\\\/es\\\/avis-legal\\\/\",\"name\":\"Aviso legal - RCR Arquitectes\",\"isPartOf\":{\"@id\":\"https:\\\/\\\/www.rcrarquitectes.es\\\/#website\"},\"datePublished\":\"2022-04-28T15:44:22+00:00\",\"dateModified\":\"2022-10-03T08:31:01+00:00\",\"inLanguage\":\"es\",\"potentialAction\":[{\"@type\":\"ReadAction\",\"target\":[\"https:\\\/\\\/www.rcrarquitectes.es\\\/es\\\/avis-legal\\\/\"]}]},{\"@type\":\"WebSite\",\"@id\":\"https:\\\/\\\/www.rcrarquitectes.es\\\/#website\",\"url\":\"https:\\\/\\\/www.rcrarquitectes.es\\\/\",\"name\":\"RCR Arquitectes\",\"description\":\"El universo de la creatividad compartida\",\"potentialAction\":[{\"@type\":\"SearchAction\",\"target\":{\"@type\":\"EntryPoint\",\"urlTemplate\":\"https:\\\/\\\/www.rcrarquitectes.es\\\/?s={search_term_string}\"},\"query-input\":{\"@type\":\"PropertyValueSpecification\",\"valueRequired\":true,\"valueName\":\"search_term_string\"}}],\"inLanguage\":\"es\"}]}<\/script>\n<!-- \/ Yoast SEO plugin. -->","yoast_head_json":{"title":"Aviso legal - RCR Arquitectes","robots":{"index":"index","follow":"follow","max-snippet":"max-snippet:-1","max-image-preview":"max-image-preview:large","max-video-preview":"max-video-preview:-1"},"canonical":"https:\/\/www.rcrarquitectes.es\/es\/avis-legal\/","og_locale":"es_ES","og_type":"article","og_title":"Aviso legal - RCR Arquitectes","og_description":"En cumplimiento del art\u00edculo 10 de la Ley 34\/2002, de 11 de julio, de Sociedad de la Informaci\u00f3n y Comercio Electr\u00f3nico (LSSI) se exponen a continuaci\u00f3n los datos identificativos de cada una de las entidades. Bunka. RCR BUNKA Fundaci\u00f3 privada G-55170328 Mari\u00e0 Vayreda, 23 17800 \u00a0Olot (Girona) comunicacio@rcrbunkafundacio.cat Tel. +34 616.250.149 El dominio rcrbunkafundacio.cat es [&hellip;]","og_url":"https:\/\/www.rcrarquitectes.es\/es\/avis-legal\/","og_site_name":"RCR Arquitectes","article_modified_time":"2022-10-03T08:31:01+00:00","twitter_card":"summary_large_image","twitter_misc":{"Tiempo de lectura":"2 minutos"},"schema":{"@context":"https:\/\/schema.org","@graph":[{"@type":"WebPage","@id":"https:\/\/www.rcrarquitectes.es\/es\/avis-legal\/","url":"https:\/\/www.rcrarquitectes.es\/es\/avis-legal\/","name":"Aviso legal - RCR Arquitectes","isPartOf":{"@id":"https:\/\/www.rcrarquitectes.es\/#website"},"datePublished":"2022-04-28T15:44:22+00:00","dateModified":"2022-10-03T08:31:01+00:00","inLanguage":"es","potentialAction":[{"@type":"ReadAction","target":["https:\/\/www.rcrarquitectes.es\/es\/avis-legal\/"]}]},{"@type":"WebSite","@id":"https:\/\/www.rcrarquitectes.es\/#website","url":"https:\/\/www.rcrarquitectes.es\/","name":"RCR Arquitectes","description":"El universo de la creatividad compartida","potentialAction":[{"@type":"SearchAction","target":{"@type":"EntryPoint","urlTemplate":"https:\/\/www.rcrarquitectes.es\/?s={search_term_string}"},"query-input":{"@type":"PropertyValueSpecification","valueRequired":true,"valueName":"search_term_string"}}],"inLanguage":"es"}]}},"_links":{"self":[{"href":"https:\/\/www.rcrarquitectes.es\/es\/wp-json\/wp\/v2\/pages\/6994","targetHints":{"allow":["GET"]}}],"collection":[{"href":"https:\/\/www.rcrarquitectes.es\/es\/wp-json\/wp\/v2\/pages"}],"about":[{"href":"https:\/\/www.rcrarquitectes.es\/es\/wp-json\/wp\/v2\/types\/page"}],"author":[{"embeddable":true,"href":"https:\/\/www.rcrarquitectes.es\/es\/wp-json\/wp\/v2\/users\/3"}],"replies":[{"embeddable":true,"href":"https:\/\/www.rcrarquitectes.es\/es\/wp-json\/wp\/v2\/comments?post=6994"}],"version-history":[{"count":3,"href":"https:\/\/www.rcrarquitectes.es\/es\/wp-json\/wp\/v2\/pages\/6994\/revisions"}],"predecessor-version":[{"id":7817,"href":"https:\/\/www.rcrarquitectes.es\/es\/wp-json\/wp\/v2\/pages\/6994\/revisions\/7817"}],"wp:attachment":[{"href":"https:\/\/www.rcrarquitectes.es\/es\/wp-json\/wp\/v2\/media?parent=6994"}],"curies":[{"name":"wp","href":"https:\/\/api.w.org\/{rel}","templated":true}]}}