{"id":73,"date":"2021-05-17T06:50:16","date_gmt":"2021-05-17T04:50:16","guid":{"rendered":"https:\/\/www.rcrarquitectes.es\/dibuix\/"},"modified":"2025-11-18T18:34:31","modified_gmt":"2025-11-18T16:34:31","slug":"dibuix","status":"publish","type":"page","link":"https:\/\/www.rcrarquitectes.es\/es\/dibuix\/","title":{"rendered":"Dibujos"},"content":{"rendered":"<p><strong>Sue\u00f1os de agua y papel<\/strong><\/p>\n<p>Los esbozos y las acuarelas de RCR expresan \u00ablo que no puede hacerse con palabras y que todav\u00eda no tiene forma, lo que expresa una intenci\u00f3n.\u00bb<\/p>\n<p style=\"text-align: right;\"><em>Josep Maria Montaner<\/em><\/p>\n<p>\u00abEn efecto, el lenguaje de RCR es libre, como su propia aplicaci\u00f3n, porque tanto su g\u00e9nesis como su evoluci\u00f3n los encontramos en sus pinturas y en sus edificios construidos, que son a su vez signos y s\u00edmbolos, formas integradas en su contexto y que no renuncian a la elegancia, a la belleza y a la sencillez.\u00bb<\/p>\n<p style=\"text-align: right;\"><em>Daniel Giralt-Miracle<\/em><\/p>\n<p>Desde sus inicios, el proceso creativo de RCR se origina y desarrolla a partir del dibujo. A finales de los a\u00f1os noventa, la aguada de tinta se impone como m\u00e9todo de creaci\u00f3n singular. La agua de tinta se convierte en un instrumento simple pero muy poderoso para el desarrollo de los proyectos de RCR Arquitectes desde una s\u00edntesis pl\u00e1stica y conceptual. Una intuici\u00f3n y cristalizaci\u00f3n de una idea inicial quedan fijadas en unas aguadas de tinta, que permiten seguir el proceso de creaci\u00f3n de un proyecto. Desde la simplicidad de una primera intuici\u00f3n hasta el resultado final, de gran complejidad, los dibujos, esbozos y organigramas, sirven para pensar y comunicar un proyecto.<\/p>\n<p>Con la aguada de tinta consiguen abstraer su esencia todav\u00eda imprecisa en trazos l\u00edquidos que se asemejan al mundo l\u00edquido de los sue\u00f1os. Las aguadas de tinta se prestan a la transparencia, a las capas, a los velos, que no comprometen el resultado final, mientras que seducen durante el tr\u00e1fico hacia la materializaci\u00f3n del espacio o la captaci\u00f3n del recuerdo de una atm\u00f3sfera, densidades , colores o cualidades mat\u00e9ricas. Con el tiempo, han ido adquiriendo autonom\u00eda art\u00edstica hasta conformar una obra sobre papel que ya no quiere ser proyecto sino expresi\u00f3n en s\u00ed misma.<\/p>\n<p>Esta secci\u00f3n se articula en tres apartados: dibujo conceptual, dibujo art\u00edstico y espacio de papel.<\/p>\n<p>El proyecto de documentaci\u00f3n y archivo de esbozos clasificados como dibujo conceptual ha sido subvencionada por el Departamento de Cultura de la Generalidad de Catalu\u00f1a bajo el t\u00edtulo de <em>El dibujo como herramienta creativa del proyecto arquitect\u00f3nico<\/em>.<\/p>\n<p><strong>5.769 dibujos conceptuales<\/strong><\/p>\n<p><strong>691 dibujos art\u00edsticos<\/strong><\/p>\n<p><strong>2 instalaciones de papel<\/strong><\/p>\n","protected":false},"excerpt":{"rendered":"<p>Sue\u00f1os de agua y papel Los esbozos y las acuarelas de RCR expresan \u00ablo que no puede hacerse con palabras y que todav\u00eda no tiene forma, lo que expresa una intenci\u00f3n.\u00bb Josep Maria Montaner \u00abEn efecto, el lenguaje de RCR es libre, como su propia aplicaci\u00f3n, porque tanto su g\u00e9nesis como su evoluci\u00f3n los encontramos [&hellip;]<\/p>\n","protected":false},"author":3,"featured_media":0,"parent":0,"menu_order":46,"comment_status":"closed","ping_status":"closed","template":"page-templates\/media_text.php","meta":{"_acf_changed":false,"inline_featured_image":false,"footnotes":""},"class_list":["post-73","page","type-page","status-publish","hentry"],"acf":[],"yoast_head":"<!-- This site is optimized with the Yoast SEO plugin v27.5 - https:\/\/yoast.com\/product\/yoast-seo-wordpress\/ -->\n<title>Dibujos - RCR Arquitectes<\/title>\n<meta name=\"robots\" content=\"index, follow, max-snippet:-1, max-image-preview:large, max-video-preview:-1\" \/>\n<link rel=\"canonical\" href=\"https:\/\/www.rcrarquitectes.es\/es\/dibuix\/\" \/>\n<meta property=\"og:locale\" content=\"es_ES\" \/>\n<meta property=\"og:type\" content=\"article\" \/>\n<meta property=\"og:title\" content=\"Dibujos - RCR Arquitectes\" \/>\n<meta property=\"og:description\" content=\"Sue\u00f1os de agua y papel Los esbozos y las acuarelas de RCR expresan \u00ablo que no puede hacerse con palabras y que todav\u00eda no tiene forma, lo que expresa una intenci\u00f3n.\u00bb Josep Maria Montaner \u00abEn efecto, el lenguaje de RCR es libre, como su propia aplicaci\u00f3n, porque tanto su g\u00e9nesis como su evoluci\u00f3n los encontramos [&hellip;]\" \/>\n<meta property=\"og:url\" content=\"https:\/\/www.rcrarquitectes.es\/es\/dibuix\/\" \/>\n<meta property=\"og:site_name\" content=\"RCR Arquitectes\" \/>\n<meta property=\"article:modified_time\" content=\"2025-11-18T16:34:31+00:00\" \/>\n<meta name=\"twitter:card\" content=\"summary_large_image\" \/>\n<meta name=\"twitter:label1\" content=\"Tiempo de lectura\" \/>\n\t<meta name=\"twitter:data1\" content=\"2 minutos\" \/>\n<script type=\"application\/ld+json\" class=\"yoast-schema-graph\">{\"@context\":\"https:\\\/\\\/schema.org\",\"@graph\":[{\"@type\":\"WebPage\",\"@id\":\"https:\\\/\\\/www.rcrarquitectes.es\\\/es\\\/dibuix\\\/\",\"url\":\"https:\\\/\\\/www.rcrarquitectes.es\\\/es\\\/dibuix\\\/\",\"name\":\"Dibujos - RCR Arquitectes\",\"isPartOf\":{\"@id\":\"https:\\\/\\\/www.rcrarquitectes.es\\\/#website\"},\"datePublished\":\"2021-05-17T04:50:16+00:00\",\"dateModified\":\"2025-11-18T16:34:31+00:00\",\"inLanguage\":\"es\",\"potentialAction\":[{\"@type\":\"ReadAction\",\"target\":[\"https:\\\/\\\/www.rcrarquitectes.es\\\/es\\\/dibuix\\\/\"]}]},{\"@type\":\"WebSite\",\"@id\":\"https:\\\/\\\/www.rcrarquitectes.es\\\/#website\",\"url\":\"https:\\\/\\\/www.rcrarquitectes.es\\\/\",\"name\":\"RCR Arquitectes\",\"description\":\"El universo de la creatividad compartida\",\"potentialAction\":[{\"@type\":\"SearchAction\",\"target\":{\"@type\":\"EntryPoint\",\"urlTemplate\":\"https:\\\/\\\/www.rcrarquitectes.es\\\/?s={search_term_string}\"},\"query-input\":{\"@type\":\"PropertyValueSpecification\",\"valueRequired\":true,\"valueName\":\"search_term_string\"}}],\"inLanguage\":\"es\"}]}<\/script>\n<!-- \/ Yoast SEO plugin. -->","yoast_head_json":{"title":"Dibujos - RCR Arquitectes","robots":{"index":"index","follow":"follow","max-snippet":"max-snippet:-1","max-image-preview":"max-image-preview:large","max-video-preview":"max-video-preview:-1"},"canonical":"https:\/\/www.rcrarquitectes.es\/es\/dibuix\/","og_locale":"es_ES","og_type":"article","og_title":"Dibujos - RCR Arquitectes","og_description":"Sue\u00f1os de agua y papel Los esbozos y las acuarelas de RCR expresan \u00ablo que no puede hacerse con palabras y que todav\u00eda no tiene forma, lo que expresa una intenci\u00f3n.\u00bb Josep Maria Montaner \u00abEn efecto, el lenguaje de RCR es libre, como su propia aplicaci\u00f3n, porque tanto su g\u00e9nesis como su evoluci\u00f3n los encontramos [&hellip;]","og_url":"https:\/\/www.rcrarquitectes.es\/es\/dibuix\/","og_site_name":"RCR Arquitectes","article_modified_time":"2025-11-18T16:34:31+00:00","twitter_card":"summary_large_image","twitter_misc":{"Tiempo de lectura":"2 minutos"},"schema":{"@context":"https:\/\/schema.org","@graph":[{"@type":"WebPage","@id":"https:\/\/www.rcrarquitectes.es\/es\/dibuix\/","url":"https:\/\/www.rcrarquitectes.es\/es\/dibuix\/","name":"Dibujos - RCR Arquitectes","isPartOf":{"@id":"https:\/\/www.rcrarquitectes.es\/#website"},"datePublished":"2021-05-17T04:50:16+00:00","dateModified":"2025-11-18T16:34:31+00:00","inLanguage":"es","potentialAction":[{"@type":"ReadAction","target":["https:\/\/www.rcrarquitectes.es\/es\/dibuix\/"]}]},{"@type":"WebSite","@id":"https:\/\/www.rcrarquitectes.es\/#website","url":"https:\/\/www.rcrarquitectes.es\/","name":"RCR Arquitectes","description":"El universo de la creatividad compartida","potentialAction":[{"@type":"SearchAction","target":{"@type":"EntryPoint","urlTemplate":"https:\/\/www.rcrarquitectes.es\/?s={search_term_string}"},"query-input":{"@type":"PropertyValueSpecification","valueRequired":true,"valueName":"search_term_string"}}],"inLanguage":"es"}]}},"_links":{"self":[{"href":"https:\/\/www.rcrarquitectes.es\/es\/wp-json\/wp\/v2\/pages\/73","targetHints":{"allow":["GET"]}}],"collection":[{"href":"https:\/\/www.rcrarquitectes.es\/es\/wp-json\/wp\/v2\/pages"}],"about":[{"href":"https:\/\/www.rcrarquitectes.es\/es\/wp-json\/wp\/v2\/types\/page"}],"author":[{"embeddable":true,"href":"https:\/\/www.rcrarquitectes.es\/es\/wp-json\/wp\/v2\/users\/3"}],"replies":[{"embeddable":true,"href":"https:\/\/www.rcrarquitectes.es\/es\/wp-json\/wp\/v2\/comments?post=73"}],"version-history":[{"count":3,"href":"https:\/\/www.rcrarquitectes.es\/es\/wp-json\/wp\/v2\/pages\/73\/revisions"}],"predecessor-version":[{"id":11773,"href":"https:\/\/www.rcrarquitectes.es\/es\/wp-json\/wp\/v2\/pages\/73\/revisions\/11773"}],"wp:attachment":[{"href":"https:\/\/www.rcrarquitectes.es\/es\/wp-json\/wp\/v2\/media?parent=73"}],"curies":[{"name":"wp","href":"https:\/\/api.w.org\/{rel}","templated":true}]}}