{"id":7441,"date":"2025-06-16T23:00:11","date_gmt":"2025-06-16T21:00:11","guid":{"rendered":"https:\/\/www.rcrarquitectes.es\/programa-obert\/colaboradores\/"},"modified":"2025-09-15T09:44:57","modified_gmt":"2025-09-15T07:44:57","slug":"colaboradores","status":"publish","type":"page","link":"https:\/\/www.rcrarquitectes.es\/es\/programa-obert\/colaboradores\/","title":{"rendered":"Colaboradores"},"content":{"rendered":"<p><strong>Colaboradores 2025<\/strong><\/p>\n<p>RCR Programa Abierto es un programa coorganizado por RCR BUNKA en colaboraci\u00f3n con el Colegio Oficial de Arquitectes de Catalu\u00f1a, y con el apoyo econ\u00f3mico y log\u00edstico de las siguientes instituciones y empresas, sin las cuales no ser\u00eda posible materializarlo.<br \/>\nEn todas, nuestro m\u00e1s sincero agradecimiento.<\/p>\n<p><strong>Organizan<\/strong><\/p>\n<p><img loading=\"lazy\" decoding=\"async\" class=\"aligncenter wp-image-11546 size-full\" src=\"https:\/\/www.rcrarquitectes.es\/wp-content\/uploads\/2025\/06\/250611_OPEN2025_logos_banda1-scaled.jpg\" alt=\"\" width=\"2560\" height=\"327\" srcset=\"https:\/\/www.rcrarquitectes.es\/wp-content\/uploads\/2025\/06\/250611_OPEN2025_logos_banda1-scaled.jpg 2560w, https:\/\/www.rcrarquitectes.es\/wp-content\/uploads\/2025\/06\/250611_OPEN2025_logos_banda1-300x38.jpg 300w, https:\/\/www.rcrarquitectes.es\/wp-content\/uploads\/2025\/06\/250611_OPEN2025_logos_banda1-1024x131.jpg 1024w, https:\/\/www.rcrarquitectes.es\/wp-content\/uploads\/2025\/06\/250611_OPEN2025_logos_banda1-768x98.jpg 768w, https:\/\/www.rcrarquitectes.es\/wp-content\/uploads\/2025\/06\/250611_OPEN2025_logos_banda1-1536x196.jpg 1536w, https:\/\/www.rcrarquitectes.es\/wp-content\/uploads\/2025\/06\/250611_OPEN2025_logos_banda1-2048x261.jpg 2048w, https:\/\/www.rcrarquitectes.es\/wp-content\/uploads\/2025\/06\/250611_OPEN2025_logos_banda1-640x82.jpg 640w, https:\/\/www.rcrarquitectes.es\/wp-content\/uploads\/2025\/06\/250611_OPEN2025_logos_banda1-1200x153.jpg 1200w, https:\/\/www.rcrarquitectes.es\/wp-content\/uploads\/2025\/06\/250611_OPEN2025_logos_banda1-1920x245.jpg 1920w\" sizes=\"auto, (max-width: 639px) 98vw, (max-width: 1199px) 64vw, 770px\" \/><\/p>\n<p><strong>Colaboradores principales<\/strong><\/p>\n<p><img loading=\"lazy\" decoding=\"async\" class=\"aligncenter wp-image-11550 size-full\" src=\"https:\/\/www.rcrarquitectes.es\/wp-content\/uploads\/2025\/06\/250611_OPEN2025_logos_banda2-scaled.jpg\" alt=\"\" width=\"2560\" height=\"332\" srcset=\"https:\/\/www.rcrarquitectes.es\/wp-content\/uploads\/2025\/06\/250611_OPEN2025_logos_banda2-scaled.jpg 2560w, https:\/\/www.rcrarquitectes.es\/wp-content\/uploads\/2025\/06\/250611_OPEN2025_logos_banda2-300x39.jpg 300w, https:\/\/www.rcrarquitectes.es\/wp-content\/uploads\/2025\/06\/250611_OPEN2025_logos_banda2-1024x133.jpg 1024w, https:\/\/www.rcrarquitectes.es\/wp-content\/uploads\/2025\/06\/250611_OPEN2025_logos_banda2-768x99.jpg 768w, https:\/\/www.rcrarquitectes.es\/wp-content\/uploads\/2025\/06\/250611_OPEN2025_logos_banda2-1536x199.jpg 1536w, https:\/\/www.rcrarquitectes.es\/wp-content\/uploads\/2025\/06\/250611_OPEN2025_logos_banda2-2048x265.jpg 2048w, https:\/\/www.rcrarquitectes.es\/wp-content\/uploads\/2025\/06\/250611_OPEN2025_logos_banda2-640x83.jpg 640w, https:\/\/www.rcrarquitectes.es\/wp-content\/uploads\/2025\/06\/250611_OPEN2025_logos_banda2-1200x155.jpg 1200w, https:\/\/www.rcrarquitectes.es\/wp-content\/uploads\/2025\/06\/250611_OPEN2025_logos_banda2-1920x249.jpg 1920w\" sizes=\"auto, (max-width: 639px) 98vw, (max-width: 1199px) 64vw, 770px\" \/><\/p>\n<p><strong>Instituciones y empresas colaboradoras<\/strong><\/p>\n<p><img loading=\"lazy\" decoding=\"async\" class=\"aligncenter wp-image-11535 size-full\" src=\"https:\/\/www.rcrarquitectes.es\/wp-content\/uploads\/2025\/06\/250611_OPEN2025_logos_banda3-scaled.jpg\" alt=\"\" width=\"2560\" height=\"572\" srcset=\"https:\/\/www.rcrarquitectes.es\/wp-content\/uploads\/2025\/06\/250611_OPEN2025_logos_banda3-scaled.jpg 2560w, https:\/\/www.rcrarquitectes.es\/wp-content\/uploads\/2025\/06\/250611_OPEN2025_logos_banda3-300x67.jpg 300w, https:\/\/www.rcrarquitectes.es\/wp-content\/uploads\/2025\/06\/250611_OPEN2025_logos_banda3-1024x229.jpg 1024w, https:\/\/www.rcrarquitectes.es\/wp-content\/uploads\/2025\/06\/250611_OPEN2025_logos_banda3-768x172.jpg 768w, https:\/\/www.rcrarquitectes.es\/wp-content\/uploads\/2025\/06\/250611_OPEN2025_logos_banda3-1536x343.jpg 1536w, https:\/\/www.rcrarquitectes.es\/wp-content\/uploads\/2025\/06\/250611_OPEN2025_logos_banda3-2048x458.jpg 2048w, https:\/\/www.rcrarquitectes.es\/wp-content\/uploads\/2025\/06\/250611_OPEN2025_logos_banda3-640x143.jpg 640w, https:\/\/www.rcrarquitectes.es\/wp-content\/uploads\/2025\/06\/250611_OPEN2025_logos_banda3-1200x268.jpg 1200w, https:\/\/www.rcrarquitectes.es\/wp-content\/uploads\/2025\/06\/250611_OPEN2025_logos_banda3-1920x429.jpg 1920w\" sizes=\"auto, (max-width: 639px) 98vw, (max-width: 1199px) 64vw, 770px\" \/><\/p>\n<p><strong>Medios colaboradores<\/strong><\/p>\n<p><img loading=\"lazy\" decoding=\"async\" class=\"aligncenter wp-image-11542 size-full\" src=\"https:\/\/www.rcrarquitectes.es\/wp-content\/uploads\/2025\/06\/250611_OPEN2025_logos_banda4-scaled.jpg\" alt=\"\" width=\"2560\" height=\"259\" srcset=\"https:\/\/www.rcrarquitectes.es\/wp-content\/uploads\/2025\/06\/250611_OPEN2025_logos_banda4-scaled.jpg 2560w, https:\/\/www.rcrarquitectes.es\/wp-content\/uploads\/2025\/06\/250611_OPEN2025_logos_banda4-300x30.jpg 300w, https:\/\/www.rcrarquitectes.es\/wp-content\/uploads\/2025\/06\/250611_OPEN2025_logos_banda4-1024x104.jpg 1024w, https:\/\/www.rcrarquitectes.es\/wp-content\/uploads\/2025\/06\/250611_OPEN2025_logos_banda4-768x78.jpg 768w, https:\/\/www.rcrarquitectes.es\/wp-content\/uploads\/2025\/06\/250611_OPEN2025_logos_banda4-1536x156.jpg 1536w, https:\/\/www.rcrarquitectes.es\/wp-content\/uploads\/2025\/06\/250611_OPEN2025_logos_banda4-2048x208.jpg 2048w, https:\/\/www.rcrarquitectes.es\/wp-content\/uploads\/2025\/06\/250611_OPEN2025_logos_banda4-640x65.jpg 640w, https:\/\/www.rcrarquitectes.es\/wp-content\/uploads\/2025\/06\/250611_OPEN2025_logos_banda4-1200x122.jpg 1200w, https:\/\/www.rcrarquitectes.es\/wp-content\/uploads\/2025\/06\/250611_OPEN2025_logos_banda4-1920x195.jpg 1920w\" sizes=\"auto, (max-width: 639px) 98vw, (max-width: 1199px) 64vw, 770px\" \/><\/p>\n","protected":false},"excerpt":{"rendered":"<p>Colaboradores 2025 RCR Programa Abierto es un programa coorganizado por RCR BUNKA en colaboraci\u00f3n con el Colegio Oficial de Arquitectes de Catalu\u00f1a, y con el apoyo econ\u00f3mico y log\u00edstico de las siguientes instituciones y empresas, sin las cuales no ser\u00eda posible materializarlo. En todas, nuestro m\u00e1s sincero agradecimiento. Organizan Colaboradores principales Instituciones y empresas colaboradoras [&hellip;]<\/p>\n","protected":false},"author":3,"featured_media":0,"parent":87,"menu_order":123,"comment_status":"closed","ping_status":"closed","template":"page-templates\/media_text.php","meta":{"_acf_changed":false,"inline_featured_image":false,"footnotes":""},"class_list":["post-7441","page","type-page","status-publish","hentry"],"acf":[],"yoast_head":"<!-- This site is optimized with the Yoast SEO plugin v27.4 - https:\/\/yoast.com\/product\/yoast-seo-wordpress\/ -->\n<title>Colaboradores - RCR Arquitectes<\/title>\n<meta name=\"robots\" content=\"index, follow, max-snippet:-1, max-image-preview:large, max-video-preview:-1\" \/>\n<link rel=\"canonical\" href=\"https:\/\/www.rcrarquitectes.es\/es\/programa-obert\/colaboradores\/\" \/>\n<meta property=\"og:locale\" content=\"es_ES\" \/>\n<meta property=\"og:type\" content=\"article\" \/>\n<meta property=\"og:title\" content=\"Colaboradores - RCR Arquitectes\" \/>\n<meta property=\"og:description\" content=\"Colaboradores 2025 RCR Programa Abierto es un programa coorganizado por RCR BUNKA en colaboraci\u00f3n con el Colegio Oficial de Arquitectes de Catalu\u00f1a, y con el apoyo econ\u00f3mico y log\u00edstico de las siguientes instituciones y empresas, sin las cuales no ser\u00eda posible materializarlo. En todas, nuestro m\u00e1s sincero agradecimiento. Organizan Colaboradores principales Instituciones y empresas colaboradoras [&hellip;]\" \/>\n<meta property=\"og:url\" content=\"https:\/\/www.rcrarquitectes.es\/es\/programa-obert\/colaboradores\/\" \/>\n<meta property=\"og:site_name\" content=\"RCR Arquitectes\" \/>\n<meta property=\"article:modified_time\" content=\"2025-09-15T07:44:57+00:00\" \/>\n<meta property=\"og:image\" content=\"https:\/\/www.rcrarquitectes.es\/wp-content\/uploads\/2025\/06\/250611_OPEN2025_logos_banda1-scaled.jpg\" \/>\n\t<meta property=\"og:image:width\" content=\"2560\" \/>\n\t<meta property=\"og:image:height\" content=\"327\" \/>\n\t<meta property=\"og:image:type\" content=\"image\/jpeg\" \/>\n<meta name=\"twitter:card\" content=\"summary_large_image\" \/>\n<meta name=\"twitter:label1\" content=\"Tiempo de lectura\" \/>\n\t<meta name=\"twitter:data1\" content=\"2 minutos\" \/>\n<script type=\"application\/ld+json\" class=\"yoast-schema-graph\">{\"@context\":\"https:\\\/\\\/schema.org\",\"@graph\":[{\"@type\":\"WebPage\",\"@id\":\"https:\\\/\\\/www.rcrarquitectes.es\\\/es\\\/programa-obert\\\/colaboradores\\\/\",\"url\":\"https:\\\/\\\/www.rcrarquitectes.es\\\/es\\\/programa-obert\\\/colaboradores\\\/\",\"name\":\"Colaboradores - RCR Arquitectes\",\"isPartOf\":{\"@id\":\"https:\\\/\\\/www.rcrarquitectes.es\\\/#website\"},\"primaryImageOfPage\":{\"@id\":\"https:\\\/\\\/www.rcrarquitectes.es\\\/es\\\/programa-obert\\\/colaboradores\\\/#primaryimage\"},\"image\":{\"@id\":\"https:\\\/\\\/www.rcrarquitectes.es\\\/es\\\/programa-obert\\\/colaboradores\\\/#primaryimage\"},\"thumbnailUrl\":\"https:\\\/\\\/www.rcrarquitectes.es\\\/wp-content\\\/uploads\\\/2025\\\/06\\\/250611_OPEN2025_logos_banda1-scaled.jpg\",\"datePublished\":\"2025-06-16T21:00:11+00:00\",\"dateModified\":\"2025-09-15T07:44:57+00:00\",\"breadcrumb\":{\"@id\":\"https:\\\/\\\/www.rcrarquitectes.es\\\/es\\\/programa-obert\\\/colaboradores\\\/#breadcrumb\"},\"inLanguage\":\"es\",\"potentialAction\":[{\"@type\":\"ReadAction\",\"target\":[\"https:\\\/\\\/www.rcrarquitectes.es\\\/es\\\/programa-obert\\\/colaboradores\\\/\"]}]},{\"@type\":\"ImageObject\",\"inLanguage\":\"es\",\"@id\":\"https:\\\/\\\/www.rcrarquitectes.es\\\/es\\\/programa-obert\\\/colaboradores\\\/#primaryimage\",\"url\":\"https:\\\/\\\/www.rcrarquitectes.es\\\/wp-content\\\/uploads\\\/2025\\\/06\\\/250611_OPEN2025_logos_banda1-scaled.jpg\",\"contentUrl\":\"https:\\\/\\\/www.rcrarquitectes.es\\\/wp-content\\\/uploads\\\/2025\\\/06\\\/250611_OPEN2025_logos_banda1-scaled.jpg\"},{\"@type\":\"BreadcrumbList\",\"@id\":\"https:\\\/\\\/www.rcrarquitectes.es\\\/es\\\/programa-obert\\\/colaboradores\\\/#breadcrumb\",\"itemListElement\":[{\"@type\":\"ListItem\",\"position\":1,\"name\":\"Programa Abierto\",\"item\":\"https:\\\/\\\/www.rcrarquitectes.es\\\/es\\\/programa-obert\\\/\"},{\"@type\":\"ListItem\",\"position\":2,\"name\":\"Colaboradores\"}]},{\"@type\":\"WebSite\",\"@id\":\"https:\\\/\\\/www.rcrarquitectes.es\\\/#website\",\"url\":\"https:\\\/\\\/www.rcrarquitectes.es\\\/\",\"name\":\"RCR Arquitectes\",\"description\":\"El universo de la creatividad compartida\",\"potentialAction\":[{\"@type\":\"SearchAction\",\"target\":{\"@type\":\"EntryPoint\",\"urlTemplate\":\"https:\\\/\\\/www.rcrarquitectes.es\\\/?s={search_term_string}\"},\"query-input\":{\"@type\":\"PropertyValueSpecification\",\"valueRequired\":true,\"valueName\":\"search_term_string\"}}],\"inLanguage\":\"es\"}]}<\/script>\n<!-- \/ Yoast SEO plugin. -->","yoast_head_json":{"title":"Colaboradores - RCR Arquitectes","robots":{"index":"index","follow":"follow","max-snippet":"max-snippet:-1","max-image-preview":"max-image-preview:large","max-video-preview":"max-video-preview:-1"},"canonical":"https:\/\/www.rcrarquitectes.es\/es\/programa-obert\/colaboradores\/","og_locale":"es_ES","og_type":"article","og_title":"Colaboradores - RCR Arquitectes","og_description":"Colaboradores 2025 RCR Programa Abierto es un programa coorganizado por RCR BUNKA en colaboraci\u00f3n con el Colegio Oficial de Arquitectes de Catalu\u00f1a, y con el apoyo econ\u00f3mico y log\u00edstico de las siguientes instituciones y empresas, sin las cuales no ser\u00eda posible materializarlo. En todas, nuestro m\u00e1s sincero agradecimiento. Organizan Colaboradores principales Instituciones y empresas colaboradoras [&hellip;]","og_url":"https:\/\/www.rcrarquitectes.es\/es\/programa-obert\/colaboradores\/","og_site_name":"RCR Arquitectes","article_modified_time":"2025-09-15T07:44:57+00:00","og_image":[{"width":2560,"height":327,"url":"https:\/\/www.rcrarquitectes.es\/wp-content\/uploads\/2025\/06\/250611_OPEN2025_logos_banda1-scaled.jpg","type":"image\/jpeg"}],"twitter_card":"summary_large_image","twitter_misc":{"Tiempo de lectura":"2 minutos"},"schema":{"@context":"https:\/\/schema.org","@graph":[{"@type":"WebPage","@id":"https:\/\/www.rcrarquitectes.es\/es\/programa-obert\/colaboradores\/","url":"https:\/\/www.rcrarquitectes.es\/es\/programa-obert\/colaboradores\/","name":"Colaboradores - RCR Arquitectes","isPartOf":{"@id":"https:\/\/www.rcrarquitectes.es\/#website"},"primaryImageOfPage":{"@id":"https:\/\/www.rcrarquitectes.es\/es\/programa-obert\/colaboradores\/#primaryimage"},"image":{"@id":"https:\/\/www.rcrarquitectes.es\/es\/programa-obert\/colaboradores\/#primaryimage"},"thumbnailUrl":"https:\/\/www.rcrarquitectes.es\/wp-content\/uploads\/2025\/06\/250611_OPEN2025_logos_banda1-scaled.jpg","datePublished":"2025-06-16T21:00:11+00:00","dateModified":"2025-09-15T07:44:57+00:00","breadcrumb":{"@id":"https:\/\/www.rcrarquitectes.es\/es\/programa-obert\/colaboradores\/#breadcrumb"},"inLanguage":"es","potentialAction":[{"@type":"ReadAction","target":["https:\/\/www.rcrarquitectes.es\/es\/programa-obert\/colaboradores\/"]}]},{"@type":"ImageObject","inLanguage":"es","@id":"https:\/\/www.rcrarquitectes.es\/es\/programa-obert\/colaboradores\/#primaryimage","url":"https:\/\/www.rcrarquitectes.es\/wp-content\/uploads\/2025\/06\/250611_OPEN2025_logos_banda1-scaled.jpg","contentUrl":"https:\/\/www.rcrarquitectes.es\/wp-content\/uploads\/2025\/06\/250611_OPEN2025_logos_banda1-scaled.jpg"},{"@type":"BreadcrumbList","@id":"https:\/\/www.rcrarquitectes.es\/es\/programa-obert\/colaboradores\/#breadcrumb","itemListElement":[{"@type":"ListItem","position":1,"name":"Programa Abierto","item":"https:\/\/www.rcrarquitectes.es\/es\/programa-obert\/"},{"@type":"ListItem","position":2,"name":"Colaboradores"}]},{"@type":"WebSite","@id":"https:\/\/www.rcrarquitectes.es\/#website","url":"https:\/\/www.rcrarquitectes.es\/","name":"RCR Arquitectes","description":"El universo de la creatividad compartida","potentialAction":[{"@type":"SearchAction","target":{"@type":"EntryPoint","urlTemplate":"https:\/\/www.rcrarquitectes.es\/?s={search_term_string}"},"query-input":{"@type":"PropertyValueSpecification","valueRequired":true,"valueName":"search_term_string"}}],"inLanguage":"es"}]}},"_links":{"self":[{"href":"https:\/\/www.rcrarquitectes.es\/es\/wp-json\/wp\/v2\/pages\/7441","targetHints":{"allow":["GET"]}}],"collection":[{"href":"https:\/\/www.rcrarquitectes.es\/es\/wp-json\/wp\/v2\/pages"}],"about":[{"href":"https:\/\/www.rcrarquitectes.es\/es\/wp-json\/wp\/v2\/types\/page"}],"author":[{"embeddable":true,"href":"https:\/\/www.rcrarquitectes.es\/es\/wp-json\/wp\/v2\/users\/3"}],"replies":[{"embeddable":true,"href":"https:\/\/www.rcrarquitectes.es\/es\/wp-json\/wp\/v2\/comments?post=7441"}],"version-history":[{"count":14,"href":"https:\/\/www.rcrarquitectes.es\/es\/wp-json\/wp\/v2\/pages\/7441\/revisions"}],"predecessor-version":[{"id":11667,"href":"https:\/\/www.rcrarquitectes.es\/es\/wp-json\/wp\/v2\/pages\/7441\/revisions\/11667"}],"up":[{"embeddable":true,"href":"https:\/\/www.rcrarquitectes.es\/es\/wp-json\/wp\/v2\/pages\/87"}],"wp:attachment":[{"href":"https:\/\/www.rcrarquitectes.es\/es\/wp-json\/wp\/v2\/media?parent=7441"}],"curies":[{"name":"wp","href":"https:\/\/api.w.org\/{rel}","templated":true}]}}