{"id":7768,"date":"2022-09-29T19:11:04","date_gmt":"2022-09-29T17:11:04","guid":{"rendered":"https:\/\/www.rcrarquitectes.es\/laboratori\/fontdarquitectura\/"},"modified":"2026-01-08T11:57:19","modified_gmt":"2026-01-08T09:57:19","slug":"fontdarquitectura","status":"publish","type":"page","link":"https:\/\/www.rcrarquitectes.es\/es\/consultoria\/fontdarquitectura\/","title":{"rendered":"Fontdarquitectura"},"content":{"rendered":"<p><strong>Fontdarquitectura, una biblioteca de investigaci\u00f3n de la construcci\u00f3n<\/strong><\/p>\n<p>Esta biblioteca de productos, detalles constructivos, materialidades y novedades es una herramienta online para interactuar con la comunidad Fontdarquitectura. La p\u00e1gina web no quiere ser s\u00f3lo de consulta, sino que tambi\u00e9n tiene la intenci\u00f3n de establecer una din\u00e1mica de investigaci\u00f3n en los medios acad\u00e9micos.<\/p>\n<p>Acceder a Fontdarquitectura: <a href=\"http:\/\/www.fontdarquitectura.com\/\" target=\"_blank\" rel=\"noopener\">http:\/\/www.fontdarquitectura.com\/<\/a><\/p>\n<p><strong>748 productos<\/strong><br \/>\n7 cimentaciones<br \/>\n18 estructuras<br \/>\n41 cubiertas<br \/>\n41 cierres-divisorias<br \/>\n53 aislamientos<br \/>\n107 revestimientos<br \/>\n63 cierres practicables<br \/>\n26 acristalamientos<br \/>\n172 instalaciones<br \/>\n220 equipamientos<\/p>\n<p><strong>125 materialidades<\/strong><br \/>\n40 materialidades b\u00e1sicas<br \/>\n53 materialidades aplicadas<br \/>\n33 materialidades sugerentes<\/p>\n<p><strong>93 detalles<\/strong><br \/>\n1 cimentaci\u00f3n<br \/>\n13 estructuras<br \/>\n17 cubiertas<br \/>\n14 cierres<br \/>\n4 divisorias<br \/>\n6 revestimientos<br \/>\n14 cierres practicables<br \/>\n13 instalaciones<br \/>\n9 equipamientos<\/p>\n","protected":false},"excerpt":{"rendered":"<p>Fontdarquitectura, una biblioteca de investigaci\u00f3n de la construcci\u00f3n Esta biblioteca de productos, detalles constructivos, materialidades y novedades es una herramienta online para interactuar con la comunidad Fontdarquitectura. La p\u00e1gina web no quiere ser s\u00f3lo de consulta, sino que tambi\u00e9n tiene la intenci\u00f3n de establecer una din\u00e1mica de investigaci\u00f3n en los medios acad\u00e9micos. Acceder a Fontdarquitectura: [&hellip;]<\/p>\n","protected":false},"author":3,"featured_media":0,"parent":80,"menu_order":49,"comment_status":"closed","ping_status":"closed","template":"page-templates\/media_text.php","meta":{"_acf_changed":false,"inline_featured_image":false,"footnotes":""},"class_list":["post-7768","page","type-page","status-publish","hentry"],"acf":[],"yoast_head":"<!-- This site is optimized with the Yoast SEO plugin v27.5 - https:\/\/yoast.com\/product\/yoast-seo-wordpress\/ -->\n<title>Fontdarquitectura - RCR Arquitectes<\/title>\n<meta name=\"robots\" content=\"index, follow, max-snippet:-1, max-image-preview:large, max-video-preview:-1\" \/>\n<link rel=\"canonical\" href=\"https:\/\/www.rcrarquitectes.es\/es\/consultoria\/fontdarquitectura\/\" \/>\n<meta property=\"og:locale\" content=\"es_ES\" \/>\n<meta property=\"og:type\" content=\"article\" \/>\n<meta property=\"og:title\" content=\"Fontdarquitectura - RCR Arquitectes\" \/>\n<meta property=\"og:description\" content=\"Fontdarquitectura, una biblioteca de investigaci\u00f3n de la construcci\u00f3n Esta biblioteca de productos, detalles constructivos, materialidades y novedades es una herramienta online para interactuar con la comunidad Fontdarquitectura. La p\u00e1gina web no quiere ser s\u00f3lo de consulta, sino que tambi\u00e9n tiene la intenci\u00f3n de establecer una din\u00e1mica de investigaci\u00f3n en los medios acad\u00e9micos. Acceder a Fontdarquitectura: [&hellip;]\" \/>\n<meta property=\"og:url\" content=\"https:\/\/www.rcrarquitectes.es\/es\/consultoria\/fontdarquitectura\/\" \/>\n<meta property=\"og:site_name\" content=\"RCR Arquitectes\" \/>\n<meta property=\"article:modified_time\" content=\"2026-01-08T09:57:19+00:00\" \/>\n<meta name=\"twitter:card\" content=\"summary_large_image\" \/>\n<meta name=\"twitter:label1\" content=\"Tiempo de lectura\" \/>\n\t<meta name=\"twitter:data1\" content=\"1 minuto\" \/>\n<script type=\"application\/ld+json\" class=\"yoast-schema-graph\">{\"@context\":\"https:\\\/\\\/schema.org\",\"@graph\":[{\"@type\":\"WebPage\",\"@id\":\"https:\\\/\\\/www.rcrarquitectes.es\\\/es\\\/consultoria\\\/fontdarquitectura\\\/\",\"url\":\"https:\\\/\\\/www.rcrarquitectes.es\\\/es\\\/consultoria\\\/fontdarquitectura\\\/\",\"name\":\"Fontdarquitectura - RCR Arquitectes\",\"isPartOf\":{\"@id\":\"https:\\\/\\\/www.rcrarquitectes.es\\\/#website\"},\"datePublished\":\"2022-09-29T17:11:04+00:00\",\"dateModified\":\"2026-01-08T09:57:19+00:00\",\"breadcrumb\":{\"@id\":\"https:\\\/\\\/www.rcrarquitectes.es\\\/es\\\/consultoria\\\/fontdarquitectura\\\/#breadcrumb\"},\"inLanguage\":\"es\",\"potentialAction\":[{\"@type\":\"ReadAction\",\"target\":[\"https:\\\/\\\/www.rcrarquitectes.es\\\/es\\\/consultoria\\\/fontdarquitectura\\\/\"]}]},{\"@type\":\"BreadcrumbList\",\"@id\":\"https:\\\/\\\/www.rcrarquitectes.es\\\/es\\\/consultoria\\\/fontdarquitectura\\\/#breadcrumb\",\"itemListElement\":[{\"@type\":\"ListItem\",\"position\":1,\"name\":\"Consultor\u00eda\",\"item\":\"https:\\\/\\\/www.rcrarquitectes.es\\\/es\\\/consultoria\\\/\"},{\"@type\":\"ListItem\",\"position\":2,\"name\":\"Fontdarquitectura\"}]},{\"@type\":\"WebSite\",\"@id\":\"https:\\\/\\\/www.rcrarquitectes.es\\\/#website\",\"url\":\"https:\\\/\\\/www.rcrarquitectes.es\\\/\",\"name\":\"RCR Arquitectes\",\"description\":\"El universo de la creatividad compartida\",\"potentialAction\":[{\"@type\":\"SearchAction\",\"target\":{\"@type\":\"EntryPoint\",\"urlTemplate\":\"https:\\\/\\\/www.rcrarquitectes.es\\\/?s={search_term_string}\"},\"query-input\":{\"@type\":\"PropertyValueSpecification\",\"valueRequired\":true,\"valueName\":\"search_term_string\"}}],\"inLanguage\":\"es\"}]}<\/script>\n<!-- \/ Yoast SEO plugin. -->","yoast_head_json":{"title":"Fontdarquitectura - RCR Arquitectes","robots":{"index":"index","follow":"follow","max-snippet":"max-snippet:-1","max-image-preview":"max-image-preview:large","max-video-preview":"max-video-preview:-1"},"canonical":"https:\/\/www.rcrarquitectes.es\/es\/consultoria\/fontdarquitectura\/","og_locale":"es_ES","og_type":"article","og_title":"Fontdarquitectura - RCR Arquitectes","og_description":"Fontdarquitectura, una biblioteca de investigaci\u00f3n de la construcci\u00f3n Esta biblioteca de productos, detalles constructivos, materialidades y novedades es una herramienta online para interactuar con la comunidad Fontdarquitectura. La p\u00e1gina web no quiere ser s\u00f3lo de consulta, sino que tambi\u00e9n tiene la intenci\u00f3n de establecer una din\u00e1mica de investigaci\u00f3n en los medios acad\u00e9micos. Acceder a Fontdarquitectura: [&hellip;]","og_url":"https:\/\/www.rcrarquitectes.es\/es\/consultoria\/fontdarquitectura\/","og_site_name":"RCR Arquitectes","article_modified_time":"2026-01-08T09:57:19+00:00","twitter_card":"summary_large_image","twitter_misc":{"Tiempo de lectura":"1 minuto"},"schema":{"@context":"https:\/\/schema.org","@graph":[{"@type":"WebPage","@id":"https:\/\/www.rcrarquitectes.es\/es\/consultoria\/fontdarquitectura\/","url":"https:\/\/www.rcrarquitectes.es\/es\/consultoria\/fontdarquitectura\/","name":"Fontdarquitectura - RCR Arquitectes","isPartOf":{"@id":"https:\/\/www.rcrarquitectes.es\/#website"},"datePublished":"2022-09-29T17:11:04+00:00","dateModified":"2026-01-08T09:57:19+00:00","breadcrumb":{"@id":"https:\/\/www.rcrarquitectes.es\/es\/consultoria\/fontdarquitectura\/#breadcrumb"},"inLanguage":"es","potentialAction":[{"@type":"ReadAction","target":["https:\/\/www.rcrarquitectes.es\/es\/consultoria\/fontdarquitectura\/"]}]},{"@type":"BreadcrumbList","@id":"https:\/\/www.rcrarquitectes.es\/es\/consultoria\/fontdarquitectura\/#breadcrumb","itemListElement":[{"@type":"ListItem","position":1,"name":"Consultor\u00eda","item":"https:\/\/www.rcrarquitectes.es\/es\/consultoria\/"},{"@type":"ListItem","position":2,"name":"Fontdarquitectura"}]},{"@type":"WebSite","@id":"https:\/\/www.rcrarquitectes.es\/#website","url":"https:\/\/www.rcrarquitectes.es\/","name":"RCR Arquitectes","description":"El universo de la creatividad compartida","potentialAction":[{"@type":"SearchAction","target":{"@type":"EntryPoint","urlTemplate":"https:\/\/www.rcrarquitectes.es\/?s={search_term_string}"},"query-input":{"@type":"PropertyValueSpecification","valueRequired":true,"valueName":"search_term_string"}}],"inLanguage":"es"}]}},"_links":{"self":[{"href":"https:\/\/www.rcrarquitectes.es\/es\/wp-json\/wp\/v2\/pages\/7768","targetHints":{"allow":["GET"]}}],"collection":[{"href":"https:\/\/www.rcrarquitectes.es\/es\/wp-json\/wp\/v2\/pages"}],"about":[{"href":"https:\/\/www.rcrarquitectes.es\/es\/wp-json\/wp\/v2\/types\/page"}],"author":[{"embeddable":true,"href":"https:\/\/www.rcrarquitectes.es\/es\/wp-json\/wp\/v2\/users\/3"}],"replies":[{"embeddable":true,"href":"https:\/\/www.rcrarquitectes.es\/es\/wp-json\/wp\/v2\/comments?post=7768"}],"version-history":[{"count":1,"href":"https:\/\/www.rcrarquitectes.es\/es\/wp-json\/wp\/v2\/pages\/7768\/revisions"}],"predecessor-version":[{"id":7801,"href":"https:\/\/www.rcrarquitectes.es\/es\/wp-json\/wp\/v2\/pages\/7768\/revisions\/7801"}],"up":[{"embeddable":true,"href":"https:\/\/www.rcrarquitectes.es\/es\/wp-json\/wp\/v2\/pages\/80"}],"wp:attachment":[{"href":"https:\/\/www.rcrarquitectes.es\/es\/wp-json\/wp\/v2\/media?parent=7768"}],"curies":[{"name":"wp","href":"https:\/\/api.w.org\/{rel}","templated":true}]}}