{"id":7777,"date":"2022-09-30T17:45:57","date_gmt":"2022-09-30T15:45:57","guid":{"rendered":"https:\/\/www.rcrarquitectes.es\/consultoria\/consultorias\/"},"modified":"2026-01-22T18:58:23","modified_gmt":"2026-01-22T16:58:23","slug":"consultorias","status":"publish","type":"page","link":"https:\/\/www.rcrarquitectes.es\/es\/consultoria\/consultorias\/","title":{"rendered":"Consultor\u00edas"},"content":{"rendered":"<p><strong>Presentaci\u00f3n Conceptualizaci\u00f3n<\/strong><\/p>\n<p>Lorem ipsum dolor sit amet, consectetuer adipiscing elit. Aenean commodo ligula eget dolor. Aenean massa. Cum sociis natoque penatibus et magnis dis parturient montes, nascetur ridiculus mus. Donec quam felis, ultricies nec, pellentesque eu, pretium quis, sem. Nulla consequat massa quis enim. Donec pede justo, fringilla vel, aliquet nec, vulputate eget, arcu.<br \/>\nIn enim justo, rhoncus ut, imperdiet a, venenatis vitae, justo. Nullam dictum felis eu pede mollis pretium. Integer tincidunt. Cras dapibus. Vivamus elementum semper nisi. Aenean vulputate eleifend tellus. Aenean leo ligula, porttitor eu, consequat vitae, eleifend ac, enim. Aliquam lorem ante, dapibus in, viverra quis, feugiat a, tellus.<\/p>\n<p>Phasellus viverra nulla ut metus varius laoreet. Quisque rutrum. Aenean imperdiet. Etiam ultricies nisi vel augue. Curabitur ullamcorper ultricies nisi. Nam eget dui. Etiam rhoncus. Maecenas tempus, tellus eget condimentum rhoncus, sem quam semper libero, sit amet adipiscing sem neque sed ipsum. Nam quam nunc, blandit vel, luctus pulvinar, hendrerit id, lorem. Maecenas nec odio et ante tincidunt tempus. Donec vitae sapien ut libero venenatis faucibus. Nullam quis ante. Etiam sit amet orci eget eros faucibus tincidunt. Duis leo. Sed fringilla mauris sit amet nibh. Donec sodales sagittis magna. Sed consequat, leo eget bibendum sodales, augue velit cursus nunc,<\/p>\n","protected":false},"excerpt":{"rendered":"<p>Presentaci\u00f3n Conceptualizaci\u00f3n Lorem ipsum dolor sit amet, consectetuer adipiscing elit. Aenean commodo ligula eget dolor. Aenean massa. Cum sociis natoque penatibus et magnis dis parturient montes, nascetur ridiculus mus. Donec quam felis, ultricies nec, pellentesque eu, pretium quis, sem. Nulla consequat massa quis enim. Donec pede justo, fringilla vel, aliquet nec, vulputate eget, arcu. In [&hellip;]<\/p>\n","protected":false},"author":3,"featured_media":0,"parent":80,"menu_order":42,"comment_status":"closed","ping_status":"closed","template":"page-templates\/list_post_type.php","meta":{"_acf_changed":false,"inline_featured_image":false,"footnotes":""},"class_list":["post-7777","page","type-page","status-publish","hentry"],"acf":[],"yoast_head":"<!-- This site is optimized with the Yoast SEO plugin v27.5 - https:\/\/yoast.com\/product\/yoast-seo-wordpress\/ -->\n<title>Consultor\u00edas - RCR Arquitectes<\/title>\n<meta name=\"robots\" content=\"index, follow, max-snippet:-1, max-image-preview:large, max-video-preview:-1\" \/>\n<link rel=\"canonical\" href=\"https:\/\/www.rcrarquitectes.es\/es\/consultoria\/consultorias\/\" \/>\n<meta property=\"og:locale\" content=\"es_ES\" \/>\n<meta property=\"og:type\" content=\"article\" \/>\n<meta property=\"og:title\" content=\"Consultor\u00edas - RCR Arquitectes\" \/>\n<meta property=\"og:description\" content=\"Presentaci\u00f3n Conceptualizaci\u00f3n Lorem ipsum dolor sit amet, consectetuer adipiscing elit. Aenean commodo ligula eget dolor. Aenean massa. Cum sociis natoque penatibus et magnis dis parturient montes, nascetur ridiculus mus. Donec quam felis, ultricies nec, pellentesque eu, pretium quis, sem. Nulla consequat massa quis enim. Donec pede justo, fringilla vel, aliquet nec, vulputate eget, arcu. In [&hellip;]\" \/>\n<meta property=\"og:url\" content=\"https:\/\/www.rcrarquitectes.es\/es\/consultoria\/consultorias\/\" \/>\n<meta property=\"og:site_name\" content=\"RCR Arquitectes\" \/>\n<meta property=\"article:modified_time\" content=\"2026-01-22T16:58:23+00:00\" \/>\n<meta name=\"twitter:card\" content=\"summary_large_image\" \/>\n<meta name=\"twitter:label1\" content=\"Tiempo de lectura\" \/>\n\t<meta name=\"twitter:data1\" content=\"2 minutos\" \/>\n<script type=\"application\/ld+json\" class=\"yoast-schema-graph\">{\"@context\":\"https:\\\/\\\/schema.org\",\"@graph\":[{\"@type\":\"WebPage\",\"@id\":\"https:\\\/\\\/www.rcrarquitectes.es\\\/es\\\/consultoria\\\/consultorias\\\/\",\"url\":\"https:\\\/\\\/www.rcrarquitectes.es\\\/es\\\/consultoria\\\/consultorias\\\/\",\"name\":\"Consultor\u00edas - RCR Arquitectes\",\"isPartOf\":{\"@id\":\"https:\\\/\\\/www.rcrarquitectes.es\\\/#website\"},\"datePublished\":\"2022-09-30T15:45:57+00:00\",\"dateModified\":\"2026-01-22T16:58:23+00:00\",\"breadcrumb\":{\"@id\":\"https:\\\/\\\/www.rcrarquitectes.es\\\/es\\\/consultoria\\\/consultorias\\\/#breadcrumb\"},\"inLanguage\":\"es\",\"potentialAction\":[{\"@type\":\"ReadAction\",\"target\":[\"https:\\\/\\\/www.rcrarquitectes.es\\\/es\\\/consultoria\\\/consultorias\\\/\"]}]},{\"@type\":\"BreadcrumbList\",\"@id\":\"https:\\\/\\\/www.rcrarquitectes.es\\\/es\\\/consultoria\\\/consultorias\\\/#breadcrumb\",\"itemListElement\":[{\"@type\":\"ListItem\",\"position\":1,\"name\":\"Consultor\u00eda\",\"item\":\"https:\\\/\\\/www.rcrarquitectes.es\\\/es\\\/consultoria\\\/\"},{\"@type\":\"ListItem\",\"position\":2,\"name\":\"Consultor\u00edas\"}]},{\"@type\":\"WebSite\",\"@id\":\"https:\\\/\\\/www.rcrarquitectes.es\\\/#website\",\"url\":\"https:\\\/\\\/www.rcrarquitectes.es\\\/\",\"name\":\"RCR Arquitectes\",\"description\":\"El universo de la creatividad compartida\",\"potentialAction\":[{\"@type\":\"SearchAction\",\"target\":{\"@type\":\"EntryPoint\",\"urlTemplate\":\"https:\\\/\\\/www.rcrarquitectes.es\\\/?s={search_term_string}\"},\"query-input\":{\"@type\":\"PropertyValueSpecification\",\"valueRequired\":true,\"valueName\":\"search_term_string\"}}],\"inLanguage\":\"es\"}]}<\/script>\n<!-- \/ Yoast SEO plugin. -->","yoast_head_json":{"title":"Consultor\u00edas - RCR Arquitectes","robots":{"index":"index","follow":"follow","max-snippet":"max-snippet:-1","max-image-preview":"max-image-preview:large","max-video-preview":"max-video-preview:-1"},"canonical":"https:\/\/www.rcrarquitectes.es\/es\/consultoria\/consultorias\/","og_locale":"es_ES","og_type":"article","og_title":"Consultor\u00edas - RCR Arquitectes","og_description":"Presentaci\u00f3n Conceptualizaci\u00f3n Lorem ipsum dolor sit amet, consectetuer adipiscing elit. Aenean commodo ligula eget dolor. Aenean massa. Cum sociis natoque penatibus et magnis dis parturient montes, nascetur ridiculus mus. Donec quam felis, ultricies nec, pellentesque eu, pretium quis, sem. Nulla consequat massa quis enim. Donec pede justo, fringilla vel, aliquet nec, vulputate eget, arcu. In [&hellip;]","og_url":"https:\/\/www.rcrarquitectes.es\/es\/consultoria\/consultorias\/","og_site_name":"RCR Arquitectes","article_modified_time":"2026-01-22T16:58:23+00:00","twitter_card":"summary_large_image","twitter_misc":{"Tiempo de lectura":"2 minutos"},"schema":{"@context":"https:\/\/schema.org","@graph":[{"@type":"WebPage","@id":"https:\/\/www.rcrarquitectes.es\/es\/consultoria\/consultorias\/","url":"https:\/\/www.rcrarquitectes.es\/es\/consultoria\/consultorias\/","name":"Consultor\u00edas - RCR Arquitectes","isPartOf":{"@id":"https:\/\/www.rcrarquitectes.es\/#website"},"datePublished":"2022-09-30T15:45:57+00:00","dateModified":"2026-01-22T16:58:23+00:00","breadcrumb":{"@id":"https:\/\/www.rcrarquitectes.es\/es\/consultoria\/consultorias\/#breadcrumb"},"inLanguage":"es","potentialAction":[{"@type":"ReadAction","target":["https:\/\/www.rcrarquitectes.es\/es\/consultoria\/consultorias\/"]}]},{"@type":"BreadcrumbList","@id":"https:\/\/www.rcrarquitectes.es\/es\/consultoria\/consultorias\/#breadcrumb","itemListElement":[{"@type":"ListItem","position":1,"name":"Consultor\u00eda","item":"https:\/\/www.rcrarquitectes.es\/es\/consultoria\/"},{"@type":"ListItem","position":2,"name":"Consultor\u00edas"}]},{"@type":"WebSite","@id":"https:\/\/www.rcrarquitectes.es\/#website","url":"https:\/\/www.rcrarquitectes.es\/","name":"RCR Arquitectes","description":"El universo de la creatividad compartida","potentialAction":[{"@type":"SearchAction","target":{"@type":"EntryPoint","urlTemplate":"https:\/\/www.rcrarquitectes.es\/?s={search_term_string}"},"query-input":{"@type":"PropertyValueSpecification","valueRequired":true,"valueName":"search_term_string"}}],"inLanguage":"es"}]}},"_links":{"self":[{"href":"https:\/\/www.rcrarquitectes.es\/es\/wp-json\/wp\/v2\/pages\/7777","targetHints":{"allow":["GET"]}}],"collection":[{"href":"https:\/\/www.rcrarquitectes.es\/es\/wp-json\/wp\/v2\/pages"}],"about":[{"href":"https:\/\/www.rcrarquitectes.es\/es\/wp-json\/wp\/v2\/types\/page"}],"author":[{"embeddable":true,"href":"https:\/\/www.rcrarquitectes.es\/es\/wp-json\/wp\/v2\/users\/3"}],"replies":[{"embeddable":true,"href":"https:\/\/www.rcrarquitectes.es\/es\/wp-json\/wp\/v2\/comments?post=7777"}],"version-history":[{"count":2,"href":"https:\/\/www.rcrarquitectes.es\/es\/wp-json\/wp\/v2\/pages\/7777\/revisions"}],"predecessor-version":[{"id":12415,"href":"https:\/\/www.rcrarquitectes.es\/es\/wp-json\/wp\/v2\/pages\/7777\/revisions\/12415"}],"up":[{"embeddable":true,"href":"https:\/\/www.rcrarquitectes.es\/es\/wp-json\/wp\/v2\/pages\/80"}],"wp:attachment":[{"href":"https:\/\/www.rcrarquitectes.es\/es\/wp-json\/wp\/v2\/media?parent=7777"}],"curies":[{"name":"wp","href":"https:\/\/api.w.org\/{rel}","templated":true}]}}