{"id":7781,"date":"2022-09-30T22:11:37","date_gmt":"2022-09-30T20:11:37","guid":{"rendered":"https:\/\/www.rcrarquitectes.es\/fundacio\/finalidad\/"},"modified":"2026-01-08T17:22:47","modified_gmt":"2026-01-08T15:22:47","slug":"finalidad","status":"publish","type":"page","link":"https:\/\/www.rcrarquitectes.es\/es\/fundacio\/finalidad\/","title":{"rendered":"Finalidad"},"content":{"rendered":"<p><strong>Objetos y finalidad<\/strong><\/p>\n<p>I. La Fundaci\u00f3n tiene por objeto:<br \/>\na) Estimular socialmente la valoraci\u00f3n por la arquitectura y el paisaje y, impl\u00edcitamente, las artes y la cultura en general.<br \/>\nb) Reunir, inventariar, custodiar y difundir el fondo material, documental y del pensamiento del Fundador y de otros fondos especiales, aportados a la fundaci\u00f3n; coordinar las actividades culturales y de investigaci\u00f3n asociadas a la actividad de la citada entidad; velar y contribuir a la conservaci\u00f3n del patrimonio arquitect\u00f3nico creado.<\/p>\n<p>II. Para el cumplimiento de sus fines, la Fundaci\u00f3n, entre otras actividades, y sin \u00e1nimo exhaustivo, podr\u00e1 promover, organizar y participar en las siguientes actividades:<br \/>\na) Exposiciones y ediciones de todo tipo y formatos.<br \/>\nb) Becas y ayudas por trabajos, concursos, programas de investigaci\u00f3n y premios.<br \/>\nc) Foros, seminarios, talleres, cursos, laboratorios, conferencias, coloquios, debates y mesas redondas.<br \/>\nd) Visitas, puertas abiertas e itinerarios.<\/p>\n<p>III. Para realizar sus actividades, la fundaci\u00f3n se valdr\u00e1 de los medios o instrumentos l\u00edcitos que en cada caso crea adecuados y especialmente, del establecimiento de convenios de colaboraci\u00f3n con entidades y organismos p\u00fablicos o privados que participen de las finalidades de \u00e9sta.<\/p>\n<p>IV. La fundaci\u00f3n ejerce sus funciones principalmente en Catalu\u00f1a.<\/p>\n","protected":false},"excerpt":{"rendered":"<p>Objetos y finalidad I. La Fundaci\u00f3n tiene por objeto: a) Estimular socialmente la valoraci\u00f3n por la arquitectura y el paisaje y, impl\u00edcitamente, las artes y la cultura en general. b) Reunir, inventariar, custodiar y difundir el fondo material, documental y del pensamiento del Fundador y de otros fondos especiales, aportados a la fundaci\u00f3n; coordinar las [&hellip;]<\/p>\n","protected":false},"author":3,"featured_media":0,"parent":94,"menu_order":111,"comment_status":"closed","ping_status":"closed","template":"page-templates\/media_text.php","meta":{"_acf_changed":false,"inline_featured_image":false,"footnotes":""},"class_list":["post-7781","page","type-page","status-publish","hentry"],"acf":[],"yoast_head":"<!-- This site is optimized with the Yoast SEO plugin v27.5 - https:\/\/yoast.com\/product\/yoast-seo-wordpress\/ -->\n<title>Finalidad - RCR Arquitectes<\/title>\n<meta name=\"robots\" content=\"index, follow, max-snippet:-1, max-image-preview:large, max-video-preview:-1\" \/>\n<link rel=\"canonical\" href=\"https:\/\/www.rcrarquitectes.es\/es\/fundacio\/finalidad\/\" \/>\n<meta property=\"og:locale\" content=\"es_ES\" \/>\n<meta property=\"og:type\" content=\"article\" \/>\n<meta property=\"og:title\" content=\"Finalidad - RCR Arquitectes\" \/>\n<meta property=\"og:description\" content=\"Objetos y finalidad I. La Fundaci\u00f3n tiene por objeto: a) Estimular socialmente la valoraci\u00f3n por la arquitectura y el paisaje y, impl\u00edcitamente, las artes y la cultura en general. b) Reunir, inventariar, custodiar y difundir el fondo material, documental y del pensamiento del Fundador y de otros fondos especiales, aportados a la fundaci\u00f3n; coordinar las [&hellip;]\" \/>\n<meta property=\"og:url\" content=\"https:\/\/www.rcrarquitectes.es\/es\/fundacio\/finalidad\/\" \/>\n<meta property=\"og:site_name\" content=\"RCR Arquitectes\" \/>\n<meta property=\"article:modified_time\" content=\"2026-01-08T15:22:47+00:00\" \/>\n<meta name=\"twitter:card\" content=\"summary_large_image\" \/>\n<meta name=\"twitter:label1\" content=\"Tiempo de lectura\" \/>\n\t<meta name=\"twitter:data1\" content=\"1 minuto\" \/>\n<script type=\"application\/ld+json\" class=\"yoast-schema-graph\">{\"@context\":\"https:\\\/\\\/schema.org\",\"@graph\":[{\"@type\":\"WebPage\",\"@id\":\"https:\\\/\\\/www.rcrarquitectes.es\\\/es\\\/fundacio\\\/finalidad\\\/\",\"url\":\"https:\\\/\\\/www.rcrarquitectes.es\\\/es\\\/fundacio\\\/finalidad\\\/\",\"name\":\"Finalidad - RCR Arquitectes\",\"isPartOf\":{\"@id\":\"https:\\\/\\\/www.rcrarquitectes.es\\\/#website\"},\"datePublished\":\"2022-09-30T20:11:37+00:00\",\"dateModified\":\"2026-01-08T15:22:47+00:00\",\"breadcrumb\":{\"@id\":\"https:\\\/\\\/www.rcrarquitectes.es\\\/es\\\/fundacio\\\/finalidad\\\/#breadcrumb\"},\"inLanguage\":\"es\",\"potentialAction\":[{\"@type\":\"ReadAction\",\"target\":[\"https:\\\/\\\/www.rcrarquitectes.es\\\/es\\\/fundacio\\\/finalidad\\\/\"]}]},{\"@type\":\"BreadcrumbList\",\"@id\":\"https:\\\/\\\/www.rcrarquitectes.es\\\/es\\\/fundacio\\\/finalidad\\\/#breadcrumb\",\"itemListElement\":[{\"@type\":\"ListItem\",\"position\":1,\"name\":\"Fundaci\u00f3n\",\"item\":\"https:\\\/\\\/www.rcrarquitectes.es\\\/es\\\/fundacio\\\/\"},{\"@type\":\"ListItem\",\"position\":2,\"name\":\"Finalidad\"}]},{\"@type\":\"WebSite\",\"@id\":\"https:\\\/\\\/www.rcrarquitectes.es\\\/#website\",\"url\":\"https:\\\/\\\/www.rcrarquitectes.es\\\/\",\"name\":\"RCR Arquitectes\",\"description\":\"El universo de la creatividad compartida\",\"potentialAction\":[{\"@type\":\"SearchAction\",\"target\":{\"@type\":\"EntryPoint\",\"urlTemplate\":\"https:\\\/\\\/www.rcrarquitectes.es\\\/?s={search_term_string}\"},\"query-input\":{\"@type\":\"PropertyValueSpecification\",\"valueRequired\":true,\"valueName\":\"search_term_string\"}}],\"inLanguage\":\"es\"}]}<\/script>\n<!-- \/ Yoast SEO plugin. -->","yoast_head_json":{"title":"Finalidad - RCR Arquitectes","robots":{"index":"index","follow":"follow","max-snippet":"max-snippet:-1","max-image-preview":"max-image-preview:large","max-video-preview":"max-video-preview:-1"},"canonical":"https:\/\/www.rcrarquitectes.es\/es\/fundacio\/finalidad\/","og_locale":"es_ES","og_type":"article","og_title":"Finalidad - RCR Arquitectes","og_description":"Objetos y finalidad I. La Fundaci\u00f3n tiene por objeto: a) Estimular socialmente la valoraci\u00f3n por la arquitectura y el paisaje y, impl\u00edcitamente, las artes y la cultura en general. b) Reunir, inventariar, custodiar y difundir el fondo material, documental y del pensamiento del Fundador y de otros fondos especiales, aportados a la fundaci\u00f3n; coordinar las [&hellip;]","og_url":"https:\/\/www.rcrarquitectes.es\/es\/fundacio\/finalidad\/","og_site_name":"RCR Arquitectes","article_modified_time":"2026-01-08T15:22:47+00:00","twitter_card":"summary_large_image","twitter_misc":{"Tiempo de lectura":"1 minuto"},"schema":{"@context":"https:\/\/schema.org","@graph":[{"@type":"WebPage","@id":"https:\/\/www.rcrarquitectes.es\/es\/fundacio\/finalidad\/","url":"https:\/\/www.rcrarquitectes.es\/es\/fundacio\/finalidad\/","name":"Finalidad - RCR Arquitectes","isPartOf":{"@id":"https:\/\/www.rcrarquitectes.es\/#website"},"datePublished":"2022-09-30T20:11:37+00:00","dateModified":"2026-01-08T15:22:47+00:00","breadcrumb":{"@id":"https:\/\/www.rcrarquitectes.es\/es\/fundacio\/finalidad\/#breadcrumb"},"inLanguage":"es","potentialAction":[{"@type":"ReadAction","target":["https:\/\/www.rcrarquitectes.es\/es\/fundacio\/finalidad\/"]}]},{"@type":"BreadcrumbList","@id":"https:\/\/www.rcrarquitectes.es\/es\/fundacio\/finalidad\/#breadcrumb","itemListElement":[{"@type":"ListItem","position":1,"name":"Fundaci\u00f3n","item":"https:\/\/www.rcrarquitectes.es\/es\/fundacio\/"},{"@type":"ListItem","position":2,"name":"Finalidad"}]},{"@type":"WebSite","@id":"https:\/\/www.rcrarquitectes.es\/#website","url":"https:\/\/www.rcrarquitectes.es\/","name":"RCR Arquitectes","description":"El universo de la creatividad compartida","potentialAction":[{"@type":"SearchAction","target":{"@type":"EntryPoint","urlTemplate":"https:\/\/www.rcrarquitectes.es\/?s={search_term_string}"},"query-input":{"@type":"PropertyValueSpecification","valueRequired":true,"valueName":"search_term_string"}}],"inLanguage":"es"}]}},"_links":{"self":[{"href":"https:\/\/www.rcrarquitectes.es\/es\/wp-json\/wp\/v2\/pages\/7781","targetHints":{"allow":["GET"]}}],"collection":[{"href":"https:\/\/www.rcrarquitectes.es\/es\/wp-json\/wp\/v2\/pages"}],"about":[{"href":"https:\/\/www.rcrarquitectes.es\/es\/wp-json\/wp\/v2\/types\/page"}],"author":[{"embeddable":true,"href":"https:\/\/www.rcrarquitectes.es\/es\/wp-json\/wp\/v2\/users\/3"}],"replies":[{"embeddable":true,"href":"https:\/\/www.rcrarquitectes.es\/es\/wp-json\/wp\/v2\/comments?post=7781"}],"version-history":[{"count":1,"href":"https:\/\/www.rcrarquitectes.es\/es\/wp-json\/wp\/v2\/pages\/7781\/revisions"}],"predecessor-version":[{"id":12385,"href":"https:\/\/www.rcrarquitectes.es\/es\/wp-json\/wp\/v2\/pages\/7781\/revisions\/12385"}],"up":[{"embeddable":true,"href":"https:\/\/www.rcrarquitectes.es\/es\/wp-json\/wp\/v2\/pages\/94"}],"wp:attachment":[{"href":"https:\/\/www.rcrarquitectes.es\/es\/wp-json\/wp\/v2\/media?parent=7781"}],"curies":[{"name":"wp","href":"https:\/\/api.w.org\/{rel}","templated":true}]}}