{"id":7799,"date":"2022-09-30T23:49:21","date_gmt":"2022-09-30T21:49:21","guid":{"rendered":"https:\/\/www.rcrarquitectes.es\/fundacio\/memorias-anuales\/"},"modified":"2026-01-08T17:30:59","modified_gmt":"2026-01-08T15:30:59","slug":"memorias-anuales","status":"publish","type":"page","link":"https:\/\/www.rcrarquitectes.es\/es\/fundacio\/memorias-anuales\/","title":{"rendered":"Memorias anuales"},"content":{"rendered":"<p><strong>Transparencia<br \/>\n<\/strong><\/p>\n<p>Las fundaciones son entidades sin \u00e1nimo de lucro constituidas mediante la afectaci\u00f3n de unos bienes o derechos de contenido econ\u00f3mico y el destino de los rendimientos o recursos obtenidos por otros medios al cumplimiento de fines de inter\u00e9s general.<\/p>\n<p>En Catalu\u00f1a, la Direcci\u00f3n General de Derecho y de Entidades Jur\u00eddicas tiene a su cargo el registro y supervisi\u00f3n de las fundaciones. A trav\u00e9s del Protectorado de Fundaciones, la Administraci\u00f3n ejerce el control sobre las fundaciones para asegurar y contribuir a un correcto ejercicio del derecho de fundaci\u00f3n y al cumplimiento de los fines fundacionales.<\/p>\n<p>Cada a\u00f1o, RCR Bunka Fundaci\u00f3 Privada presenta las memorias anuales en el Protectorado.<\/p>\n<p><a href=\"https:\/\/www.rcrarquitectes.es\/wp-content\/uploads\/2025\/05\/RCR-BUNKA-MEMORIA_2024-2.pdf\">Memoria anual 2024<\/a><br \/>\n<a href=\"https:\/\/www.rcrarquitectes.es\/wp-content\/uploads\/2024\/06\/MEMORIA-RCR-BUNKA-2023.pdf\" target=\"_blank\" rel=\"noopener\">Memoria anual 2023<\/a><br \/>\n<a href=\"https:\/\/www.rcrarquitectes.es\/wp-content\/uploads\/2023\/06\/MEMORIA_RCR_BUNKA_FUNDACIO_PRIVADA_2022.pdf\" target=\"_blank\" rel=\"noopener\">Memoria anual 2022<\/a><br \/>\n<a href=\"https:\/\/www.rcrarquitectes.es\/wp-content\/uploads\/2022\/05\/RCR-BUNKA_Memoria_2021.pdf\" target=\"_blank\" rel=\"noopener\">Memoria anual 2021<\/a><br \/>\n<a href=\"https:\/\/www.rcrarquitectes.es\/wp-content\/uploads\/2021\/10\/RCR-BUNKA_Memoria_2020.pdf\" target=\"_blank\" rel=\"noopener\">Memoria anual 2020<\/a><br \/>\n<a href=\"https:\/\/www.rcrarquitectes.es\/wp-content\/uploads\/2021\/10\/RCR-BUNKA_Memoria_2019.pdf\" target=\"_blank\" rel=\"noopener\">Memoria anual 2019<\/a><br \/>\n<a href=\"https:\/\/www.rcrarquitectes.es\/wp-content\/uploads\/2021\/10\/RCR-BUNKA_Memoria_2018.pdf\" target=\"_blank\" rel=\"noopener\">Memoria anual 2018<\/a><br \/>\n<a href=\"https:\/\/www.rcrarquitectes.es\/wp-content\/uploads\/2021\/10\/RCR-BUNKA_Memoria_2017.pdf\" target=\"_blank\" rel=\"noopener\">Memoria anual 2017<\/a><br \/>\n<a href=\"https:\/\/www.rcrarquitectes.es\/wp-content\/uploads\/2021\/10\/RCR-BUNKA_Memoria_2016.pdf\" target=\"_blank\" rel=\"noopener\">Memoria anual 2016<\/a><br \/>\n<a href=\"https:\/\/www.rcrarquitectes.es\/wp-content\/uploads\/2021\/10\/RCR-BUNKA_Memoria_2015.pdf\" target=\"_blank\" rel=\"noopener\">Memoria anual 2015<\/a><br \/>\n<a href=\"https:\/\/www.rcrarquitectes.es\/wp-content\/uploads\/2021\/10\/RCR-BUNKA_Memoria_2014.pdf\" target=\"_blank\" rel=\"noopener\">Memoria anual 2014<\/a><\/p>\n","protected":false},"excerpt":{"rendered":"<p>Transparencia Las fundaciones son entidades sin \u00e1nimo de lucro constituidas mediante la afectaci\u00f3n de unos bienes o derechos de contenido econ\u00f3mico y el destino de los rendimientos o recursos obtenidos por otros medios al cumplimiento de fines de inter\u00e9s general. En Catalu\u00f1a, la Direcci\u00f3n General de Derecho y de Entidades Jur\u00eddicas tiene a su cargo [&hellip;]<\/p>\n","protected":false},"author":3,"featured_media":0,"parent":94,"menu_order":135,"comment_status":"closed","ping_status":"closed","template":"page-templates\/media_text.php","meta":{"_acf_changed":false,"inline_featured_image":false,"footnotes":""},"class_list":["post-7799","page","type-page","status-publish","hentry"],"acf":[],"yoast_head":"<!-- This site is optimized with the Yoast SEO plugin v27.4 - https:\/\/yoast.com\/product\/yoast-seo-wordpress\/ -->\n<title>Memorias anuales - RCR Arquitectes<\/title>\n<meta name=\"robots\" content=\"index, follow, max-snippet:-1, max-image-preview:large, max-video-preview:-1\" \/>\n<link rel=\"canonical\" href=\"https:\/\/www.rcrarquitectes.es\/es\/fundacio\/memorias-anuales\/\" \/>\n<meta property=\"og:locale\" content=\"es_ES\" \/>\n<meta property=\"og:type\" content=\"article\" \/>\n<meta property=\"og:title\" content=\"Memorias anuales - RCR Arquitectes\" \/>\n<meta property=\"og:description\" content=\"Transparencia Las fundaciones son entidades sin \u00e1nimo de lucro constituidas mediante la afectaci\u00f3n de unos bienes o derechos de contenido econ\u00f3mico y el destino de los rendimientos o recursos obtenidos por otros medios al cumplimiento de fines de inter\u00e9s general. En Catalu\u00f1a, la Direcci\u00f3n General de Derecho y de Entidades Jur\u00eddicas tiene a su cargo [&hellip;]\" \/>\n<meta property=\"og:url\" content=\"https:\/\/www.rcrarquitectes.es\/es\/fundacio\/memorias-anuales\/\" \/>\n<meta property=\"og:site_name\" content=\"RCR Arquitectes\" \/>\n<meta property=\"article:modified_time\" content=\"2026-01-08T15:30:59+00:00\" \/>\n<meta name=\"twitter:card\" content=\"summary_large_image\" \/>\n<meta name=\"twitter:label1\" content=\"Tiempo de lectura\" \/>\n\t<meta name=\"twitter:data1\" content=\"1 minuto\" \/>\n<script type=\"application\/ld+json\" class=\"yoast-schema-graph\">{\"@context\":\"https:\\\/\\\/schema.org\",\"@graph\":[{\"@type\":\"WebPage\",\"@id\":\"https:\\\/\\\/www.rcrarquitectes.es\\\/es\\\/fundacio\\\/memorias-anuales\\\/\",\"url\":\"https:\\\/\\\/www.rcrarquitectes.es\\\/es\\\/fundacio\\\/memorias-anuales\\\/\",\"name\":\"Memorias anuales - RCR Arquitectes\",\"isPartOf\":{\"@id\":\"https:\\\/\\\/www.rcrarquitectes.es\\\/#website\"},\"datePublished\":\"2022-09-30T21:49:21+00:00\",\"dateModified\":\"2026-01-08T15:30:59+00:00\",\"breadcrumb\":{\"@id\":\"https:\\\/\\\/www.rcrarquitectes.es\\\/es\\\/fundacio\\\/memorias-anuales\\\/#breadcrumb\"},\"inLanguage\":\"es\",\"potentialAction\":[{\"@type\":\"ReadAction\",\"target\":[\"https:\\\/\\\/www.rcrarquitectes.es\\\/es\\\/fundacio\\\/memorias-anuales\\\/\"]}]},{\"@type\":\"BreadcrumbList\",\"@id\":\"https:\\\/\\\/www.rcrarquitectes.es\\\/es\\\/fundacio\\\/memorias-anuales\\\/#breadcrumb\",\"itemListElement\":[{\"@type\":\"ListItem\",\"position\":1,\"name\":\"Fundaci\u00f3n\",\"item\":\"https:\\\/\\\/www.rcrarquitectes.es\\\/es\\\/fundacio\\\/\"},{\"@type\":\"ListItem\",\"position\":2,\"name\":\"Memorias anuales\"}]},{\"@type\":\"WebSite\",\"@id\":\"https:\\\/\\\/www.rcrarquitectes.es\\\/#website\",\"url\":\"https:\\\/\\\/www.rcrarquitectes.es\\\/\",\"name\":\"RCR Arquitectes\",\"description\":\"El universo de la creatividad compartida\",\"potentialAction\":[{\"@type\":\"SearchAction\",\"target\":{\"@type\":\"EntryPoint\",\"urlTemplate\":\"https:\\\/\\\/www.rcrarquitectes.es\\\/?s={search_term_string}\"},\"query-input\":{\"@type\":\"PropertyValueSpecification\",\"valueRequired\":true,\"valueName\":\"search_term_string\"}}],\"inLanguage\":\"es\"}]}<\/script>\n<!-- \/ Yoast SEO plugin. -->","yoast_head_json":{"title":"Memorias anuales - RCR Arquitectes","robots":{"index":"index","follow":"follow","max-snippet":"max-snippet:-1","max-image-preview":"max-image-preview:large","max-video-preview":"max-video-preview:-1"},"canonical":"https:\/\/www.rcrarquitectes.es\/es\/fundacio\/memorias-anuales\/","og_locale":"es_ES","og_type":"article","og_title":"Memorias anuales - RCR Arquitectes","og_description":"Transparencia Las fundaciones son entidades sin \u00e1nimo de lucro constituidas mediante la afectaci\u00f3n de unos bienes o derechos de contenido econ\u00f3mico y el destino de los rendimientos o recursos obtenidos por otros medios al cumplimiento de fines de inter\u00e9s general. En Catalu\u00f1a, la Direcci\u00f3n General de Derecho y de Entidades Jur\u00eddicas tiene a su cargo [&hellip;]","og_url":"https:\/\/www.rcrarquitectes.es\/es\/fundacio\/memorias-anuales\/","og_site_name":"RCR Arquitectes","article_modified_time":"2026-01-08T15:30:59+00:00","twitter_card":"summary_large_image","twitter_misc":{"Tiempo de lectura":"1 minuto"},"schema":{"@context":"https:\/\/schema.org","@graph":[{"@type":"WebPage","@id":"https:\/\/www.rcrarquitectes.es\/es\/fundacio\/memorias-anuales\/","url":"https:\/\/www.rcrarquitectes.es\/es\/fundacio\/memorias-anuales\/","name":"Memorias anuales - RCR Arquitectes","isPartOf":{"@id":"https:\/\/www.rcrarquitectes.es\/#website"},"datePublished":"2022-09-30T21:49:21+00:00","dateModified":"2026-01-08T15:30:59+00:00","breadcrumb":{"@id":"https:\/\/www.rcrarquitectes.es\/es\/fundacio\/memorias-anuales\/#breadcrumb"},"inLanguage":"es","potentialAction":[{"@type":"ReadAction","target":["https:\/\/www.rcrarquitectes.es\/es\/fundacio\/memorias-anuales\/"]}]},{"@type":"BreadcrumbList","@id":"https:\/\/www.rcrarquitectes.es\/es\/fundacio\/memorias-anuales\/#breadcrumb","itemListElement":[{"@type":"ListItem","position":1,"name":"Fundaci\u00f3n","item":"https:\/\/www.rcrarquitectes.es\/es\/fundacio\/"},{"@type":"ListItem","position":2,"name":"Memorias anuales"}]},{"@type":"WebSite","@id":"https:\/\/www.rcrarquitectes.es\/#website","url":"https:\/\/www.rcrarquitectes.es\/","name":"RCR Arquitectes","description":"El universo de la creatividad compartida","potentialAction":[{"@type":"SearchAction","target":{"@type":"EntryPoint","urlTemplate":"https:\/\/www.rcrarquitectes.es\/?s={search_term_string}"},"query-input":{"@type":"PropertyValueSpecification","valueRequired":true,"valueName":"search_term_string"}}],"inLanguage":"es"}]}},"_links":{"self":[{"href":"https:\/\/www.rcrarquitectes.es\/es\/wp-json\/wp\/v2\/pages\/7799","targetHints":{"allow":["GET"]}}],"collection":[{"href":"https:\/\/www.rcrarquitectes.es\/es\/wp-json\/wp\/v2\/pages"}],"about":[{"href":"https:\/\/www.rcrarquitectes.es\/es\/wp-json\/wp\/v2\/types\/page"}],"author":[{"embeddable":true,"href":"https:\/\/www.rcrarquitectes.es\/es\/wp-json\/wp\/v2\/users\/3"}],"replies":[{"embeddable":true,"href":"https:\/\/www.rcrarquitectes.es\/es\/wp-json\/wp\/v2\/comments?post=7799"}],"version-history":[{"count":5,"href":"https:\/\/www.rcrarquitectes.es\/es\/wp-json\/wp\/v2\/pages\/7799\/revisions"}],"predecessor-version":[{"id":11430,"href":"https:\/\/www.rcrarquitectes.es\/es\/wp-json\/wp\/v2\/pages\/7799\/revisions\/11430"}],"up":[{"embeddable":true,"href":"https:\/\/www.rcrarquitectes.es\/es\/wp-json\/wp\/v2\/pages\/94"}],"wp:attachment":[{"href":"https:\/\/www.rcrarquitectes.es\/es\/wp-json\/wp\/v2\/media?parent=7799"}],"curies":[{"name":"wp","href":"https:\/\/api.w.org\/{rel}","templated":true}]}}