{"id":80,"date":"2021-05-17T06:50:16","date_gmt":"2021-05-17T04:50:16","guid":{"rendered":"https:\/\/www.rcrarquitectes.es\/consultoria\/"},"modified":"2026-01-08T11:55:39","modified_gmt":"2026-01-08T09:55:39","slug":"consultoria","status":"publish","type":"page","link":"https:\/\/www.rcrarquitectes.es\/es\/consultoria\/","title":{"rendered":"Consultor\u00eda"},"content":{"rendered":"<p><strong>Generosidad y experiencia<\/strong><\/p>\n<p>Aconsejar es un acto de generosidad. Pongo mi experiencia, mi reflexi\u00f3n al servicio de alguien que pregunta algo. Sin saber a qu\u00e9 distancia y en qu\u00e9 medida la respuesta ser\u00e1 entendida, seguida, aplicada. Es un acto que no construye materia pero construye posibilidades y abre caminos y miradas: se\u00f1ala, ilumina&#8230;<\/p>\n<p>Conceptualizar es un acto de cristalizaci\u00f3n de ideas. Cuando las ideas, informes (sin forma), gaseosas, brumosas deben atraparse para decantar y precipitar, aquellos deseos e intuiciones, que llevar\u00e1n al encuadre de nuevos conceptos que emergen.<\/p>\n","protected":false},"excerpt":{"rendered":"<p>Generosidad y experiencia Aconsejar es un acto de generosidad. Pongo mi experiencia, mi reflexi\u00f3n al servicio de alguien que pregunta algo. Sin saber a qu\u00e9 distancia y en qu\u00e9 medida la respuesta ser\u00e1 entendida, seguida, aplicada. Es un acto que no construye materia pero construye posibilidades y abre caminos y miradas: se\u00f1ala, ilumina&#8230; Conceptualizar es [&hellip;]<\/p>\n","protected":false},"author":3,"featured_media":0,"parent":0,"menu_order":38,"comment_status":"closed","ping_status":"closed","template":"page-templates\/media_text.php","meta":{"_acf_changed":false,"inline_featured_image":false,"footnotes":""},"class_list":["post-80","page","type-page","status-publish","hentry"],"acf":[],"yoast_head":"<!-- This site is optimized with the Yoast SEO plugin v27.5 - https:\/\/yoast.com\/product\/yoast-seo-wordpress\/ -->\n<title>Consultor\u00eda - RCR Arquitectes<\/title>\n<meta name=\"robots\" content=\"index, follow, max-snippet:-1, max-image-preview:large, max-video-preview:-1\" \/>\n<link rel=\"canonical\" href=\"https:\/\/www.rcrarquitectes.es\/es\/consultoria\/\" \/>\n<meta property=\"og:locale\" content=\"es_ES\" \/>\n<meta property=\"og:type\" content=\"article\" \/>\n<meta property=\"og:title\" content=\"Consultor\u00eda - RCR Arquitectes\" \/>\n<meta property=\"og:description\" content=\"Generosidad y experiencia Aconsejar es un acto de generosidad. Pongo mi experiencia, mi reflexi\u00f3n al servicio de alguien que pregunta algo. Sin saber a qu\u00e9 distancia y en qu\u00e9 medida la respuesta ser\u00e1 entendida, seguida, aplicada. Es un acto que no construye materia pero construye posibilidades y abre caminos y miradas: se\u00f1ala, ilumina&#8230; Conceptualizar es [&hellip;]\" \/>\n<meta property=\"og:url\" content=\"https:\/\/www.rcrarquitectes.es\/es\/consultoria\/\" \/>\n<meta property=\"og:site_name\" content=\"RCR Arquitectes\" \/>\n<meta property=\"article:modified_time\" content=\"2026-01-08T09:55:39+00:00\" \/>\n<meta name=\"twitter:card\" content=\"summary_large_image\" \/>\n<script type=\"application\/ld+json\" class=\"yoast-schema-graph\">{\"@context\":\"https:\\\/\\\/schema.org\",\"@graph\":[{\"@type\":\"WebPage\",\"@id\":\"https:\\\/\\\/www.rcrarquitectes.es\\\/es\\\/consultoria\\\/\",\"url\":\"https:\\\/\\\/www.rcrarquitectes.es\\\/es\\\/consultoria\\\/\",\"name\":\"Consultor\u00eda - RCR Arquitectes\",\"isPartOf\":{\"@id\":\"https:\\\/\\\/www.rcrarquitectes.es\\\/#website\"},\"datePublished\":\"2021-05-17T04:50:16+00:00\",\"dateModified\":\"2026-01-08T09:55:39+00:00\",\"inLanguage\":\"es\",\"potentialAction\":[{\"@type\":\"ReadAction\",\"target\":[\"https:\\\/\\\/www.rcrarquitectes.es\\\/es\\\/consultoria\\\/\"]}]},{\"@type\":\"WebSite\",\"@id\":\"https:\\\/\\\/www.rcrarquitectes.es\\\/#website\",\"url\":\"https:\\\/\\\/www.rcrarquitectes.es\\\/\",\"name\":\"RCR Arquitectes\",\"description\":\"El universo de la creatividad compartida\",\"potentialAction\":[{\"@type\":\"SearchAction\",\"target\":{\"@type\":\"EntryPoint\",\"urlTemplate\":\"https:\\\/\\\/www.rcrarquitectes.es\\\/?s={search_term_string}\"},\"query-input\":{\"@type\":\"PropertyValueSpecification\",\"valueRequired\":true,\"valueName\":\"search_term_string\"}}],\"inLanguage\":\"es\"}]}<\/script>\n<!-- \/ Yoast SEO plugin. -->","yoast_head_json":{"title":"Consultor\u00eda - RCR Arquitectes","robots":{"index":"index","follow":"follow","max-snippet":"max-snippet:-1","max-image-preview":"max-image-preview:large","max-video-preview":"max-video-preview:-1"},"canonical":"https:\/\/www.rcrarquitectes.es\/es\/consultoria\/","og_locale":"es_ES","og_type":"article","og_title":"Consultor\u00eda - RCR Arquitectes","og_description":"Generosidad y experiencia Aconsejar es un acto de generosidad. Pongo mi experiencia, mi reflexi\u00f3n al servicio de alguien que pregunta algo. Sin saber a qu\u00e9 distancia y en qu\u00e9 medida la respuesta ser\u00e1 entendida, seguida, aplicada. Es un acto que no construye materia pero construye posibilidades y abre caminos y miradas: se\u00f1ala, ilumina&#8230; Conceptualizar es [&hellip;]","og_url":"https:\/\/www.rcrarquitectes.es\/es\/consultoria\/","og_site_name":"RCR Arquitectes","article_modified_time":"2026-01-08T09:55:39+00:00","twitter_card":"summary_large_image","schema":{"@context":"https:\/\/schema.org","@graph":[{"@type":"WebPage","@id":"https:\/\/www.rcrarquitectes.es\/es\/consultoria\/","url":"https:\/\/www.rcrarquitectes.es\/es\/consultoria\/","name":"Consultor\u00eda - RCR Arquitectes","isPartOf":{"@id":"https:\/\/www.rcrarquitectes.es\/#website"},"datePublished":"2021-05-17T04:50:16+00:00","dateModified":"2026-01-08T09:55:39+00:00","inLanguage":"es","potentialAction":[{"@type":"ReadAction","target":["https:\/\/www.rcrarquitectes.es\/es\/consultoria\/"]}]},{"@type":"WebSite","@id":"https:\/\/www.rcrarquitectes.es\/#website","url":"https:\/\/www.rcrarquitectes.es\/","name":"RCR Arquitectes","description":"El universo de la creatividad compartida","potentialAction":[{"@type":"SearchAction","target":{"@type":"EntryPoint","urlTemplate":"https:\/\/www.rcrarquitectes.es\/?s={search_term_string}"},"query-input":{"@type":"PropertyValueSpecification","valueRequired":true,"valueName":"search_term_string"}}],"inLanguage":"es"}]}},"_links":{"self":[{"href":"https:\/\/www.rcrarquitectes.es\/es\/wp-json\/wp\/v2\/pages\/80","targetHints":{"allow":["GET"]}}],"collection":[{"href":"https:\/\/www.rcrarquitectes.es\/es\/wp-json\/wp\/v2\/pages"}],"about":[{"href":"https:\/\/www.rcrarquitectes.es\/es\/wp-json\/wp\/v2\/types\/page"}],"author":[{"embeddable":true,"href":"https:\/\/www.rcrarquitectes.es\/es\/wp-json\/wp\/v2\/users\/3"}],"replies":[{"embeddable":true,"href":"https:\/\/www.rcrarquitectes.es\/es\/wp-json\/wp\/v2\/comments?post=80"}],"version-history":[{"count":3,"href":"https:\/\/www.rcrarquitectes.es\/es\/wp-json\/wp\/v2\/pages\/80\/revisions"}],"predecessor-version":[{"id":7773,"href":"https:\/\/www.rcrarquitectes.es\/es\/wp-json\/wp\/v2\/pages\/80\/revisions\/7773"}],"wp:attachment":[{"href":"https:\/\/www.rcrarquitectes.es\/es\/wp-json\/wp\/v2\/media?parent=80"}],"curies":[{"name":"wp","href":"https:\/\/api.w.org\/{rel}","templated":true}]}}