{"id":84,"date":"2022-04-15T12:00:16","date_gmt":"2022-04-15T10:00:16","guid":{"rendered":"https:\/\/www.rcrarquitectes.es\/workshops\/"},"modified":"2026-04-10T14:02:30","modified_gmt":"2026-04-10T12:02:30","slug":"workshops","status":"publish","type":"page","link":"https:\/\/www.rcrarquitectes.es\/es\/workshops\/","title":{"rendered":"RCR Summer Workshop"},"content":{"rendered":"<p><strong>RCR SUMMER WORKSHOP<\/strong> \u00b7 <strong>Una comunidad global compartiendo<\/strong><\/p>\n<p>El RCR Summer Workshop nace en 2008 de un esp\u00edritu humanista en el que diferentes disciplinas creativas generan sinergias para el enriquecimiento mutuo. Al Workshop de Arquitectura y Paisaje se une, en 2013, el Workshop de Fotograf\u00eda y Audiovisual, el de Escenograf\u00eda en 2016 y el de Danza en 2019.\u00a0M\u00e1s de mil profesionales y estudiantes de todo el mundo han participado en estos talleres donde se une pr\u00e1ctica profesional con teor\u00eda, experiencia e investigaci\u00f3n, creatividad y transversalidad, condensando procesos complejos en un tiempo limitado, de creatividad compartida, para fomentar la capacidad de di\u00e1logo y una experiencia derivada de la observaci\u00f3n y la participaci\u00f3n.<\/p>\n<p><span style=\"color: #800000;\"><strong><span style=\"color: #ff0000;\">INSCRIPCIONES 2026 CERRADAS<\/span><\/strong><\/span><\/p>\n<p>&nbsp;<\/p>\n","protected":false},"excerpt":{"rendered":"<p>RCR SUMMER WORKSHOP \u00b7 Una comunidad global compartiendo El RCR Summer Workshop nace en 2008 de un esp\u00edritu humanista en el que diferentes disciplinas creativas generan sinergias para el enriquecimiento mutuo. Al Workshop de Arquitectura y Paisaje se une, en 2013, el Workshop de Fotograf\u00eda y Audiovisual, el de Escenograf\u00eda en 2016 y el de [&hellip;]<\/p>\n","protected":false},"author":3,"featured_media":0,"parent":0,"menu_order":64,"comment_status":"closed","ping_status":"closed","template":"page-templates\/media_text.php","meta":{"_acf_changed":false,"inline_featured_image":false,"footnotes":""},"class_list":["post-84","page","type-page","status-publish","hentry"],"acf":[],"yoast_head":"<!-- This site is optimized with the Yoast SEO plugin v27.4 - https:\/\/yoast.com\/product\/yoast-seo-wordpress\/ -->\n<title>RCR Summer Workshop - RCR Arquitectes<\/title>\n<meta name=\"robots\" content=\"index, follow, max-snippet:-1, max-image-preview:large, max-video-preview:-1\" \/>\n<link rel=\"canonical\" href=\"https:\/\/www.rcrarquitectes.es\/es\/workshops\/\" \/>\n<meta property=\"og:locale\" content=\"es_ES\" \/>\n<meta property=\"og:type\" content=\"article\" \/>\n<meta property=\"og:title\" content=\"RCR Summer Workshop - RCR Arquitectes\" \/>\n<meta property=\"og:description\" content=\"RCR SUMMER WORKSHOP \u00b7 Una comunidad global compartiendo El RCR Summer Workshop nace en 2008 de un esp\u00edritu humanista en el que diferentes disciplinas creativas generan sinergias para el enriquecimiento mutuo. Al Workshop de Arquitectura y Paisaje se une, en 2013, el Workshop de Fotograf\u00eda y Audiovisual, el de Escenograf\u00eda en 2016 y el de [&hellip;]\" \/>\n<meta property=\"og:url\" content=\"https:\/\/www.rcrarquitectes.es\/es\/workshops\/\" \/>\n<meta property=\"og:site_name\" content=\"RCR Arquitectes\" \/>\n<meta property=\"article:modified_time\" content=\"2026-04-10T12:02:30+00:00\" \/>\n<meta name=\"twitter:card\" content=\"summary_large_image\" \/>\n<meta name=\"twitter:label1\" content=\"Tiempo de lectura\" \/>\n\t<meta name=\"twitter:data1\" content=\"1 minuto\" \/>\n<script type=\"application\/ld+json\" class=\"yoast-schema-graph\">{\"@context\":\"https:\\\/\\\/schema.org\",\"@graph\":[{\"@type\":\"WebPage\",\"@id\":\"https:\\\/\\\/www.rcrarquitectes.es\\\/es\\\/workshops\\\/\",\"url\":\"https:\\\/\\\/www.rcrarquitectes.es\\\/es\\\/workshops\\\/\",\"name\":\"RCR Summer Workshop - RCR Arquitectes\",\"isPartOf\":{\"@id\":\"https:\\\/\\\/www.rcrarquitectes.es\\\/#website\"},\"datePublished\":\"2022-04-15T10:00:16+00:00\",\"dateModified\":\"2026-04-10T12:02:30+00:00\",\"inLanguage\":\"es\",\"potentialAction\":[{\"@type\":\"ReadAction\",\"target\":[\"https:\\\/\\\/www.rcrarquitectes.es\\\/es\\\/workshops\\\/\"]}]},{\"@type\":\"WebSite\",\"@id\":\"https:\\\/\\\/www.rcrarquitectes.es\\\/#website\",\"url\":\"https:\\\/\\\/www.rcrarquitectes.es\\\/\",\"name\":\"RCR Arquitectes\",\"description\":\"El universo de la creatividad compartida\",\"potentialAction\":[{\"@type\":\"SearchAction\",\"target\":{\"@type\":\"EntryPoint\",\"urlTemplate\":\"https:\\\/\\\/www.rcrarquitectes.es\\\/?s={search_term_string}\"},\"query-input\":{\"@type\":\"PropertyValueSpecification\",\"valueRequired\":true,\"valueName\":\"search_term_string\"}}],\"inLanguage\":\"es\"}]}<\/script>\n<!-- \/ Yoast SEO plugin. -->","yoast_head_json":{"title":"RCR Summer Workshop - RCR Arquitectes","robots":{"index":"index","follow":"follow","max-snippet":"max-snippet:-1","max-image-preview":"max-image-preview:large","max-video-preview":"max-video-preview:-1"},"canonical":"https:\/\/www.rcrarquitectes.es\/es\/workshops\/","og_locale":"es_ES","og_type":"article","og_title":"RCR Summer Workshop - RCR Arquitectes","og_description":"RCR SUMMER WORKSHOP \u00b7 Una comunidad global compartiendo El RCR Summer Workshop nace en 2008 de un esp\u00edritu humanista en el que diferentes disciplinas creativas generan sinergias para el enriquecimiento mutuo. Al Workshop de Arquitectura y Paisaje se une, en 2013, el Workshop de Fotograf\u00eda y Audiovisual, el de Escenograf\u00eda en 2016 y el de [&hellip;]","og_url":"https:\/\/www.rcrarquitectes.es\/es\/workshops\/","og_site_name":"RCR Arquitectes","article_modified_time":"2026-04-10T12:02:30+00:00","twitter_card":"summary_large_image","twitter_misc":{"Tiempo de lectura":"1 minuto"},"schema":{"@context":"https:\/\/schema.org","@graph":[{"@type":"WebPage","@id":"https:\/\/www.rcrarquitectes.es\/es\/workshops\/","url":"https:\/\/www.rcrarquitectes.es\/es\/workshops\/","name":"RCR Summer Workshop - RCR Arquitectes","isPartOf":{"@id":"https:\/\/www.rcrarquitectes.es\/#website"},"datePublished":"2022-04-15T10:00:16+00:00","dateModified":"2026-04-10T12:02:30+00:00","inLanguage":"es","potentialAction":[{"@type":"ReadAction","target":["https:\/\/www.rcrarquitectes.es\/es\/workshops\/"]}]},{"@type":"WebSite","@id":"https:\/\/www.rcrarquitectes.es\/#website","url":"https:\/\/www.rcrarquitectes.es\/","name":"RCR Arquitectes","description":"El universo de la creatividad compartida","potentialAction":[{"@type":"SearchAction","target":{"@type":"EntryPoint","urlTemplate":"https:\/\/www.rcrarquitectes.es\/?s={search_term_string}"},"query-input":{"@type":"PropertyValueSpecification","valueRequired":true,"valueName":"search_term_string"}}],"inLanguage":"es"}]}},"_links":{"self":[{"href":"https:\/\/www.rcrarquitectes.es\/es\/wp-json\/wp\/v2\/pages\/84","targetHints":{"allow":["GET"]}}],"collection":[{"href":"https:\/\/www.rcrarquitectes.es\/es\/wp-json\/wp\/v2\/pages"}],"about":[{"href":"https:\/\/www.rcrarquitectes.es\/es\/wp-json\/wp\/v2\/types\/page"}],"author":[{"embeddable":true,"href":"https:\/\/www.rcrarquitectes.es\/es\/wp-json\/wp\/v2\/users\/3"}],"replies":[{"embeddable":true,"href":"https:\/\/www.rcrarquitectes.es\/es\/wp-json\/wp\/v2\/comments?post=84"}],"version-history":[{"count":25,"href":"https:\/\/www.rcrarquitectes.es\/es\/wp-json\/wp\/v2\/pages\/84\/revisions"}],"predecessor-version":[{"id":12795,"href":"https:\/\/www.rcrarquitectes.es\/es\/wp-json\/wp\/v2\/pages\/84\/revisions\/12795"}],"wp:attachment":[{"href":"https:\/\/www.rcrarquitectes.es\/es\/wp-json\/wp\/v2\/media?parent=84"}],"curies":[{"name":"wp","href":"https:\/\/api.w.org\/{rel}","templated":true}]}}