{"id":8926,"date":"2023-02-21T21:17:25","date_gmt":"2023-02-21T19:17:25","guid":{"rendered":"https:\/\/www.rcrarquitectes.es\/reserves-visitas\/"},"modified":"2023-02-21T21:29:02","modified_gmt":"2023-02-21T19:29:02","slug":"reserves-visitas","status":"publish","type":"page","link":"https:\/\/www.rcrarquitectes.es\/es\/reserves-visitas\/","title":{"rendered":"Reserves visitas"},"content":{"rendered":"<p>Las visitas y rutas guiadas son un programa organizado por RCR BUNKA Fundaci\u00f3n Privada, N\u00famero de Identificaci\u00f3n Fiscal ES-G-55170328, con residencia fiscal en la Calle Mariano Vayreda 23, 17800 Olot, Girona, Espa\u00f1a.<br \/>\nRCR Bunka Fundaci\u00f3 Privada ofrece <strong>visitas guiadas por el Espai Barber\u00ed y los archivos de RCR BUNKA Fundaci\u00f3n Privada y rutas guiadas a la obra p\u00fablica de RCR Arquitectos en Olot:<\/strong> Pabell\u00f3n del Ba\u00f1o, Estadio de Atletismo y Parque de Pedra Tosca. Puede elegir una o dos de las obras o la ruta completa, dependiendo de su tiempo e intereses.<br \/>\nSi les interesa, ofrecemos la posibilidad de comprar publicaciones y productos de la tienda de la Fundaci\u00f3n al finalizar la visita al Espai Barber\u00ed: libros y cat\u00e1logos, audiovisuales, imanes, postales y bocetos.<\/p>\n<p><strong>Condiciones:<\/strong><\/p>\n<ul>\n<li>El Espai Barber\u00ed es sede de RCR Arquitectes y, por tanto, un puesto de trabajo y de concentraci\u00f3n. Rogamos m\u00e1ximo respeto y silencio y abstenerse de fotografiar en todos los espacios de trabajo.<\/li>\n<li>Se ruega m\u00e1xima puntualidad. La reserva se cancela autom\u00e1ticamente en caso de atrasos de 30 minutos.<\/li>\n<\/ul>\n<p><strong>Exclusiones:<\/strong> La Fundaci\u00f3n no gestiona visitas guiadas a viviendas privadas para preservar la intimidad de los clientes de RCR Arquitectes.<\/p>\n<p>Por favor rellene el siguiente formulario para su reserva:<\/p>\n<p>[gravityform id=\u00bb4&#8243; title=\u00bbfalse\u00bb description=\u00bbfalse\u00bb ajax=\u00bbtrue\u00bb]<\/p>\n","protected":false},"excerpt":{"rendered":"<p>Las visitas y rutas guiadas son un programa organizado por RCR BUNKA Fundaci\u00f3n Privada, N\u00famero de Identificaci\u00f3n Fiscal ES-G-55170328, con residencia fiscal en la Calle Mariano Vayreda 23, 17800 Olot, Girona, Espa\u00f1a. RCR Bunka Fundaci\u00f3 Privada ofrece visitas guiadas por el Espai Barber\u00ed y los archivos de RCR BUNKA Fundaci\u00f3n Privada y rutas guiadas a [&hellip;]<\/p>\n","protected":false},"author":3,"featured_media":0,"parent":0,"menu_order":1,"comment_status":"closed","ping_status":"closed","template":"page-templates\/media_text.php","meta":{"_acf_changed":false,"inline_featured_image":false,"footnotes":""},"class_list":["post-8926","page","type-page","status-publish","hentry"],"acf":[],"yoast_head":"<!-- This site is optimized with the Yoast SEO plugin v27.4 - https:\/\/yoast.com\/product\/yoast-seo-wordpress\/ -->\n<title>Reserves visitas - RCR Arquitectes<\/title>\n<meta name=\"robots\" content=\"index, follow, max-snippet:-1, max-image-preview:large, max-video-preview:-1\" \/>\n<link rel=\"canonical\" href=\"https:\/\/www.rcrarquitectes.es\/es\/reserves-visitas\/\" \/>\n<meta property=\"og:locale\" content=\"es_ES\" \/>\n<meta property=\"og:type\" content=\"article\" \/>\n<meta property=\"og:title\" content=\"Reserves visitas - RCR Arquitectes\" \/>\n<meta property=\"og:description\" content=\"Las visitas y rutas guiadas son un programa organizado por RCR BUNKA Fundaci\u00f3n Privada, N\u00famero de Identificaci\u00f3n Fiscal ES-G-55170328, con residencia fiscal en la Calle Mariano Vayreda 23, 17800 Olot, Girona, Espa\u00f1a. RCR Bunka Fundaci\u00f3 Privada ofrece visitas guiadas por el Espai Barber\u00ed y los archivos de RCR BUNKA Fundaci\u00f3n Privada y rutas guiadas a [&hellip;]\" \/>\n<meta property=\"og:url\" content=\"https:\/\/www.rcrarquitectes.es\/es\/reserves-visitas\/\" \/>\n<meta property=\"og:site_name\" content=\"RCR Arquitectes\" \/>\n<meta property=\"article:modified_time\" content=\"2023-02-21T19:29:02+00:00\" \/>\n<meta name=\"twitter:card\" content=\"summary_large_image\" \/>\n<meta name=\"twitter:label1\" content=\"Tiempo de lectura\" \/>\n\t<meta name=\"twitter:data1\" content=\"2 minutos\" \/>\n<script type=\"application\/ld+json\" class=\"yoast-schema-graph\">{\"@context\":\"https:\\\/\\\/schema.org\",\"@graph\":[{\"@type\":\"WebPage\",\"@id\":\"https:\\\/\\\/www.rcrarquitectes.es\\\/es\\\/reserves-visitas\\\/\",\"url\":\"https:\\\/\\\/www.rcrarquitectes.es\\\/es\\\/reserves-visitas\\\/\",\"name\":\"Reserves visitas - RCR Arquitectes\",\"isPartOf\":{\"@id\":\"https:\\\/\\\/www.rcrarquitectes.es\\\/#website\"},\"datePublished\":\"2023-02-21T19:17:25+00:00\",\"dateModified\":\"2023-02-21T19:29:02+00:00\",\"inLanguage\":\"es\",\"potentialAction\":[{\"@type\":\"ReadAction\",\"target\":[\"https:\\\/\\\/www.rcrarquitectes.es\\\/es\\\/reserves-visitas\\\/\"]}]},{\"@type\":\"WebSite\",\"@id\":\"https:\\\/\\\/www.rcrarquitectes.es\\\/#website\",\"url\":\"https:\\\/\\\/www.rcrarquitectes.es\\\/\",\"name\":\"RCR Arquitectes\",\"description\":\"El universo de la creatividad compartida\",\"potentialAction\":[{\"@type\":\"SearchAction\",\"target\":{\"@type\":\"EntryPoint\",\"urlTemplate\":\"https:\\\/\\\/www.rcrarquitectes.es\\\/?s={search_term_string}\"},\"query-input\":{\"@type\":\"PropertyValueSpecification\",\"valueRequired\":true,\"valueName\":\"search_term_string\"}}],\"inLanguage\":\"es\"}]}<\/script>\n<!-- \/ Yoast SEO plugin. -->","yoast_head_json":{"title":"Reserves visitas - RCR Arquitectes","robots":{"index":"index","follow":"follow","max-snippet":"max-snippet:-1","max-image-preview":"max-image-preview:large","max-video-preview":"max-video-preview:-1"},"canonical":"https:\/\/www.rcrarquitectes.es\/es\/reserves-visitas\/","og_locale":"es_ES","og_type":"article","og_title":"Reserves visitas - RCR Arquitectes","og_description":"Las visitas y rutas guiadas son un programa organizado por RCR BUNKA Fundaci\u00f3n Privada, N\u00famero de Identificaci\u00f3n Fiscal ES-G-55170328, con residencia fiscal en la Calle Mariano Vayreda 23, 17800 Olot, Girona, Espa\u00f1a. RCR Bunka Fundaci\u00f3 Privada ofrece visitas guiadas por el Espai Barber\u00ed y los archivos de RCR BUNKA Fundaci\u00f3n Privada y rutas guiadas a [&hellip;]","og_url":"https:\/\/www.rcrarquitectes.es\/es\/reserves-visitas\/","og_site_name":"RCR Arquitectes","article_modified_time":"2023-02-21T19:29:02+00:00","twitter_card":"summary_large_image","twitter_misc":{"Tiempo de lectura":"2 minutos"},"schema":{"@context":"https:\/\/schema.org","@graph":[{"@type":"WebPage","@id":"https:\/\/www.rcrarquitectes.es\/es\/reserves-visitas\/","url":"https:\/\/www.rcrarquitectes.es\/es\/reserves-visitas\/","name":"Reserves visitas - RCR Arquitectes","isPartOf":{"@id":"https:\/\/www.rcrarquitectes.es\/#website"},"datePublished":"2023-02-21T19:17:25+00:00","dateModified":"2023-02-21T19:29:02+00:00","inLanguage":"es","potentialAction":[{"@type":"ReadAction","target":["https:\/\/www.rcrarquitectes.es\/es\/reserves-visitas\/"]}]},{"@type":"WebSite","@id":"https:\/\/www.rcrarquitectes.es\/#website","url":"https:\/\/www.rcrarquitectes.es\/","name":"RCR Arquitectes","description":"El universo de la creatividad compartida","potentialAction":[{"@type":"SearchAction","target":{"@type":"EntryPoint","urlTemplate":"https:\/\/www.rcrarquitectes.es\/?s={search_term_string}"},"query-input":{"@type":"PropertyValueSpecification","valueRequired":true,"valueName":"search_term_string"}}],"inLanguage":"es"}]}},"_links":{"self":[{"href":"https:\/\/www.rcrarquitectes.es\/es\/wp-json\/wp\/v2\/pages\/8926","targetHints":{"allow":["GET"]}}],"collection":[{"href":"https:\/\/www.rcrarquitectes.es\/es\/wp-json\/wp\/v2\/pages"}],"about":[{"href":"https:\/\/www.rcrarquitectes.es\/es\/wp-json\/wp\/v2\/types\/page"}],"author":[{"embeddable":true,"href":"https:\/\/www.rcrarquitectes.es\/es\/wp-json\/wp\/v2\/users\/3"}],"replies":[{"embeddable":true,"href":"https:\/\/www.rcrarquitectes.es\/es\/wp-json\/wp\/v2\/comments?post=8926"}],"version-history":[{"count":3,"href":"https:\/\/www.rcrarquitectes.es\/es\/wp-json\/wp\/v2\/pages\/8926\/revisions"}],"predecessor-version":[{"id":8931,"href":"https:\/\/www.rcrarquitectes.es\/es\/wp-json\/wp\/v2\/pages\/8926\/revisions\/8931"}],"wp:attachment":[{"href":"https:\/\/www.rcrarquitectes.es\/es\/wp-json\/wp\/v2\/media?parent=8926"}],"curies":[{"name":"wp","href":"https:\/\/api.w.org\/{rel}","templated":true}]}}