{"id":8973,"date":"2025-05-15T19:00:18","date_gmt":"2025-05-15T17:00:18","guid":{"rendered":"https:\/\/www.rcrarquitectes.es\/?page_id=8973"},"modified":"2025-05-15T21:05:45","modified_gmt":"2025-05-15T19:05:45","slug":"beca-fotografia-rcr-phe25","status":"publish","type":"page","link":"https:\/\/www.rcrarquitectes.es\/es\/beca-fotografia-rcr-phe25\/","title":{"rendered":"Beca Fotograf\u00eda RCR PHotoESPA\u00d1A 2025"},"content":{"rendered":"<p><strong>BECA RCR PHotoESPA\u00d1A 2025<\/strong><\/p>\n<p>El\u00a0<strong>XIII Workshop Internacional de Fotograf\u00eda<\/strong>\u00a0forma parte del\u00a0<strong>RCR Summer Workshop 2025<\/strong>\u00a0y es un programa organizado por\u00a0<strong>RCR Lab\u00b7A<\/strong>, N\u00famero de Identificaci\u00f3n Fiscal ES-G-55297972, en colaboraci\u00f3n con\u00a0<a href=\"https:\/\/www.rcrarquitectes.es\/es\/fundacio\/\"><strong>RCR BUNKA Fundaci\u00f3n Privada<\/strong><\/a>, N\u00famero de Identificaci\u00f3n Fiscal ES-G-55170328, ambos con residencia fiscal en la Calle Mari\u00e0 Vayreda 23, 17800 Olot, Girona, Espa\u00f1a.<\/p>\n<p><strong><a href=\"https:\/\/phe.es\/\">PHotoESPA\u00d1A 2025<\/a><\/strong> convoca <strong>una beca<\/strong>\u00a0en colaboraci\u00f3n con\u00a0<strong>RCR BUNKA Fundaci\u00f3n Privada<\/strong>\u00a0para participar en el\u00a0<strong>XIII Workshop Internacional de Fotograf\u00eda<\/strong>, dirigido por Hisao Suzuki, destinada a aficionados y profesionales de la fotograf\u00eda de cualquier nacionalidad seleccionados en base a su curr\u00edculum y portfolio.<\/p>\n<p>La beca es en <strong>modalidad presencial<\/strong>\u00a0para el curso que se desarrollar\u00e1 <strong>del 4 al 19 de julio 2025 en Olot<\/strong>, y\u00a0<strong>tiene una dotaci\u00f3n correspondiente a 100% de la inscripci\u00f3n y de la matr\u00edcula del XIII Workshop Internacional de Fotograf\u00eda, de 750 euros<\/strong>.<\/p>\n<p>Para\u00a0<strong>solicitar la beca RCR PHotoESPA\u00d1A 2025<\/strong>\u00a0deber\u00e1s rellenar el\u00a0<strong>formulario de solicitud<\/strong>\u00a0con tus datos personales, adjuntar un\u00a0<strong>CV-portfolio<\/strong>.\u00a0<strong>Participan\u00a0<\/strong>en esta convocatoria\u00a0<strong>todos los inscritos<\/strong>\u00a0a trav\u00e9s de este formulario.<\/p>\n<p><strong>PHotoESPA\u00d1A 2025<\/strong> seleccionar\u00e1 el <strong>beneficiario de la beca<\/strong>, revisando la documentaci\u00f3n recibida, preseleccionando los candidatos y comunicar\u00e1 por correo electr\u00f3nico el resultado de la selecci\u00f3n a los seleccionados y no seleccionados. El beneficiario de la beca confirmar\u00e1 la\u00a0<strong>aceptaci\u00f3n de la beca antes del 12 de junio de 2025<\/strong>\u00a0y se compromete a asistir y participar activamente en el <a href=\"https:\/\/www.rcrarquitectes.es\/es\/workshop\/fotografia-2025\/\"><strong>XIII Workshop Internacional de Fotograf\u00eda<\/strong><\/a>.<\/p>\n<p>Los <strong>gastos de alojamiento y manutenci\u00f3n durante el taller<\/strong>, as\u00ed como la gesti\u00f3n de los mismos, <strong>correr\u00e1n a cargo del ganador de la beca<\/strong>, no siendo responsabilidad de <strong>PHotoESPA\u00d1A 2025<\/strong>\u00a0y\u00a0<strong>RCR BUNKA Fundaci\u00f3n Privada<\/strong>. Para m\u00e1s informaci\u00f3n sobre c\u00f3mo llegar a Olot, organizaci\u00f3n y alojamientos, accede a <a href=\"https:\/\/www.rcrarquitectes.es\/es\/workshop\/faq\/\">FAQ<\/a>.<\/p>\n<p><strong>Calendario:<\/strong><\/p>\n<ul>\n<li><strong>30 de mayo de 2025 a las 12.00h (hora de Madrid)<\/strong>: \u00faltimo d\u00eda para presentar solicitudes.<\/li>\n<li><strong>3 de junio de 2025<\/strong>: fecha l\u00edmite de comunicaci\u00f3n al ganador de la beca.<\/li>\n<li><strong>4 de junio de 2025 a las 16.00h (hora de Madrid)<\/strong>: fecha l\u00edmite para confirmar la aceptaci\u00f3n de la beca.<\/li>\n<li><strong>6 de junio de 2025 a las 16.00h (hora de Madrid)<\/strong>: fecha l\u00edmite para confirmar la aceptaci\u00f3n de la beca por un suplente, en caso de declinar la beca (*).<\/li>\n<\/ul>\n<p>(*) <em>En caso de que el ganador declinase el disfrute de la beca o no pudiera ser localizado antes del 4 de junio a las 16.00h , se ofrecer\u00e1 al primer suplente. En caso de que el primer suplente declinase o no pudiera ser localizado se le ofrecer\u00eda al segundo suplente. En caso de que el segundo suplente declinase la beca, se declarar\u00eda desierta.<\/em><\/p>\n<p><strong>Para participar en la convocatoria, rellena el siguiente <a href=\"https:\/\/reserves.rcrarquitectes.es\/es\/workshop\/20250704-xiii-international-photography-workshop-2025\">formulario<\/a> siguiendo estos pasos:<\/strong><\/p>\n<ol>\n<li>Haz clic en el bot\u00f3n <strong>\u00abComenzar preinscripci\u00f3n\u00bb<\/strong>.<\/li>\n<li>Rellena tus <strong>datos personales y de contacto<\/strong>.<\/li>\n<li>En el campo <strong>\u00ab\u00bfVienes a trav\u00e9s de una entidad?\u00bb<\/strong>, selecciona <strong>\u00abS\u00ed\u00bb<\/strong>.<\/li>\n<li>En el campo <strong>\u00abEntidad\u00bb<\/strong>, elige <strong>\u00abConvocatoria Beca PHotoESPA\u00d1A&#8217;25\u00bb<\/strong>.<\/li>\n<li>En el campo <strong>\u00abJustificante de la entidad\u00bb<\/strong>, adjunta el <strong>PDF<\/strong> que puedes <a href=\"https:\/\/www.rcrarquitectes.es\/wp-content\/uploads\/2025\/04\/PH25-DOC-instrucciones.pdf\" target=\"_blank\" rel=\"noopener\"><strong>descargar aqu\u00ed<\/strong><\/a>.<\/li>\n<li>Rellena tus <strong>datos acad\u00e9micos<\/strong> y <strong>sube tu CV-portfolio<\/strong>.<\/li>\n<li><strong>Acepta<\/strong> las condiciones de registro y la pol\u00edtica de privacidad (obligatorio) y, si lo deseas, <strong>suscr\u00edbete al bolet\u00edn<\/strong> (opcional).<\/li>\n<\/ol>\n<p>Una vez completados estos pasos, habr\u00e1s finalizado tu inscripci\u00f3n para la convocatoria.<\/p>\n","protected":false},"excerpt":{"rendered":"<p>BECA RCR PHotoESPA\u00d1A 2025 El\u00a0XIII Workshop Internacional de Fotograf\u00eda\u00a0forma parte del\u00a0RCR Summer Workshop 2025\u00a0y es un programa organizado por\u00a0RCR Lab\u00b7A, N\u00famero de Identificaci\u00f3n Fiscal ES-G-55297972, en colaboraci\u00f3n con\u00a0RCR BUNKA Fundaci\u00f3n Privada, N\u00famero de Identificaci\u00f3n Fiscal ES-G-55170328, ambos con residencia fiscal en la Calle Mari\u00e0 Vayreda 23, 17800 Olot, Girona, Espa\u00f1a. PHotoESPA\u00d1A 2025 convoca una beca\u00a0en [&hellip;]<\/p>\n","protected":false},"author":3,"featured_media":0,"parent":0,"menu_order":121,"comment_status":"closed","ping_status":"closed","template":"page-templates\/media_text.php","meta":{"_acf_changed":false,"inline_featured_image":false,"footnotes":""},"class_list":["post-8973","page","type-page","status-publish","hentry"],"acf":[],"yoast_head":"<!-- This site is optimized with the Yoast SEO plugin v27.5 - https:\/\/yoast.com\/product\/yoast-seo-wordpress\/ -->\n<title>Beca Fotograf\u00eda RCR PHotoESPA\u00d1A 2025 - RCR Arquitectes<\/title>\n<meta name=\"robots\" content=\"index, follow, max-snippet:-1, max-image-preview:large, max-video-preview:-1\" \/>\n<link rel=\"canonical\" href=\"https:\/\/www.rcrarquitectes.es\/es\/beca-fotografia-rcr-phe25\/\" \/>\n<meta property=\"og:locale\" content=\"es_ES\" \/>\n<meta property=\"og:type\" content=\"article\" \/>\n<meta property=\"og:title\" content=\"Beca Fotograf\u00eda RCR PHotoESPA\u00d1A 2025 - RCR Arquitectes\" \/>\n<meta property=\"og:description\" content=\"BECA RCR PHotoESPA\u00d1A 2025 El\u00a0XIII Workshop Internacional de Fotograf\u00eda\u00a0forma parte del\u00a0RCR Summer Workshop 2025\u00a0y es un programa organizado por\u00a0RCR Lab\u00b7A, N\u00famero de Identificaci\u00f3n Fiscal ES-G-55297972, en colaboraci\u00f3n con\u00a0RCR BUNKA Fundaci\u00f3n Privada, N\u00famero de Identificaci\u00f3n Fiscal ES-G-55170328, ambos con residencia fiscal en la Calle Mari\u00e0 Vayreda 23, 17800 Olot, Girona, Espa\u00f1a. PHotoESPA\u00d1A 2025 convoca una beca\u00a0en [&hellip;]\" \/>\n<meta property=\"og:url\" content=\"https:\/\/www.rcrarquitectes.es\/es\/beca-fotografia-rcr-phe25\/\" \/>\n<meta property=\"og:site_name\" content=\"RCR Arquitectes\" \/>\n<meta property=\"article:modified_time\" content=\"2025-05-15T19:05:45+00:00\" \/>\n<meta name=\"twitter:card\" content=\"summary_large_image\" \/>\n<meta name=\"twitter:label1\" content=\"Tiempo de lectura\" \/>\n\t<meta name=\"twitter:data1\" content=\"3 minutos\" \/>\n<script type=\"application\/ld+json\" class=\"yoast-schema-graph\">{\"@context\":\"https:\\\/\\\/schema.org\",\"@graph\":[{\"@type\":\"WebPage\",\"@id\":\"https:\\\/\\\/www.rcrarquitectes.es\\\/es\\\/beca-fotografia-rcr-phe25\\\/\",\"url\":\"https:\\\/\\\/www.rcrarquitectes.es\\\/es\\\/beca-fotografia-rcr-phe25\\\/\",\"name\":\"Beca Fotograf\u00eda RCR PHotoESPA\u00d1A 2025 - RCR Arquitectes\",\"isPartOf\":{\"@id\":\"https:\\\/\\\/www.rcrarquitectes.es\\\/#website\"},\"datePublished\":\"2025-05-15T17:00:18+00:00\",\"dateModified\":\"2025-05-15T19:05:45+00:00\",\"inLanguage\":\"es\",\"potentialAction\":[{\"@type\":\"ReadAction\",\"target\":[\"https:\\\/\\\/www.rcrarquitectes.es\\\/es\\\/beca-fotografia-rcr-phe25\\\/\"]}]},{\"@type\":\"WebSite\",\"@id\":\"https:\\\/\\\/www.rcrarquitectes.es\\\/#website\",\"url\":\"https:\\\/\\\/www.rcrarquitectes.es\\\/\",\"name\":\"RCR Arquitectes\",\"description\":\"El universo de la creatividad compartida\",\"potentialAction\":[{\"@type\":\"SearchAction\",\"target\":{\"@type\":\"EntryPoint\",\"urlTemplate\":\"https:\\\/\\\/www.rcrarquitectes.es\\\/?s={search_term_string}\"},\"query-input\":{\"@type\":\"PropertyValueSpecification\",\"valueRequired\":true,\"valueName\":\"search_term_string\"}}],\"inLanguage\":\"es\"}]}<\/script>\n<!-- \/ Yoast SEO plugin. -->","yoast_head_json":{"title":"Beca Fotograf\u00eda RCR PHotoESPA\u00d1A 2025 - RCR Arquitectes","robots":{"index":"index","follow":"follow","max-snippet":"max-snippet:-1","max-image-preview":"max-image-preview:large","max-video-preview":"max-video-preview:-1"},"canonical":"https:\/\/www.rcrarquitectes.es\/es\/beca-fotografia-rcr-phe25\/","og_locale":"es_ES","og_type":"article","og_title":"Beca Fotograf\u00eda RCR PHotoESPA\u00d1A 2025 - RCR Arquitectes","og_description":"BECA RCR PHotoESPA\u00d1A 2025 El\u00a0XIII Workshop Internacional de Fotograf\u00eda\u00a0forma parte del\u00a0RCR Summer Workshop 2025\u00a0y es un programa organizado por\u00a0RCR Lab\u00b7A, N\u00famero de Identificaci\u00f3n Fiscal ES-G-55297972, en colaboraci\u00f3n con\u00a0RCR BUNKA Fundaci\u00f3n Privada, N\u00famero de Identificaci\u00f3n Fiscal ES-G-55170328, ambos con residencia fiscal en la Calle Mari\u00e0 Vayreda 23, 17800 Olot, Girona, Espa\u00f1a. PHotoESPA\u00d1A 2025 convoca una beca\u00a0en [&hellip;]","og_url":"https:\/\/www.rcrarquitectes.es\/es\/beca-fotografia-rcr-phe25\/","og_site_name":"RCR Arquitectes","article_modified_time":"2025-05-15T19:05:45+00:00","twitter_card":"summary_large_image","twitter_misc":{"Tiempo de lectura":"3 minutos"},"schema":{"@context":"https:\/\/schema.org","@graph":[{"@type":"WebPage","@id":"https:\/\/www.rcrarquitectes.es\/es\/beca-fotografia-rcr-phe25\/","url":"https:\/\/www.rcrarquitectes.es\/es\/beca-fotografia-rcr-phe25\/","name":"Beca Fotograf\u00eda RCR PHotoESPA\u00d1A 2025 - RCR Arquitectes","isPartOf":{"@id":"https:\/\/www.rcrarquitectes.es\/#website"},"datePublished":"2025-05-15T17:00:18+00:00","dateModified":"2025-05-15T19:05:45+00:00","inLanguage":"es","potentialAction":[{"@type":"ReadAction","target":["https:\/\/www.rcrarquitectes.es\/es\/beca-fotografia-rcr-phe25\/"]}]},{"@type":"WebSite","@id":"https:\/\/www.rcrarquitectes.es\/#website","url":"https:\/\/www.rcrarquitectes.es\/","name":"RCR Arquitectes","description":"El universo de la creatividad compartida","potentialAction":[{"@type":"SearchAction","target":{"@type":"EntryPoint","urlTemplate":"https:\/\/www.rcrarquitectes.es\/?s={search_term_string}"},"query-input":{"@type":"PropertyValueSpecification","valueRequired":true,"valueName":"search_term_string"}}],"inLanguage":"es"}]}},"_links":{"self":[{"href":"https:\/\/www.rcrarquitectes.es\/es\/wp-json\/wp\/v2\/pages\/8973","targetHints":{"allow":["GET"]}}],"collection":[{"href":"https:\/\/www.rcrarquitectes.es\/es\/wp-json\/wp\/v2\/pages"}],"about":[{"href":"https:\/\/www.rcrarquitectes.es\/es\/wp-json\/wp\/v2\/types\/page"}],"author":[{"embeddable":true,"href":"https:\/\/www.rcrarquitectes.es\/es\/wp-json\/wp\/v2\/users\/3"}],"replies":[{"embeddable":true,"href":"https:\/\/www.rcrarquitectes.es\/es\/wp-json\/wp\/v2\/comments?post=8973"}],"version-history":[{"count":25,"href":"https:\/\/www.rcrarquitectes.es\/es\/wp-json\/wp\/v2\/pages\/8973\/revisions"}],"predecessor-version":[{"id":11392,"href":"https:\/\/www.rcrarquitectes.es\/es\/wp-json\/wp\/v2\/pages\/8973\/revisions\/11392"}],"wp:attachment":[{"href":"https:\/\/www.rcrarquitectes.es\/es\/wp-json\/wp\/v2\/media?parent=8973"}],"curies":[{"name":"wp","href":"https:\/\/api.w.org\/{rel}","templated":true}]}}