{"id":94,"date":"2021-05-17T06:50:16","date_gmt":"2021-05-17T04:50:16","guid":{"rendered":"https:\/\/www.rcrarquitectes.es\/fundacio\/"},"modified":"2026-01-08T12:04:30","modified_gmt":"2026-01-08T10:04:30","slug":"fundacio","status":"publish","type":"page","link":"https:\/\/www.rcrarquitectes.es\/es\/fundacio\/","title":{"rendered":"Fundaci\u00f3n"},"content":{"rendered":"<p><strong>El sentido de la cultura en el universo de la creatividad compartida<\/strong><\/p>\n<p>La fundaci\u00f3n, constituida en 2013, recibe el nombre de <strong data-start=\"146\" data-end=\"155\">Bunka<\/strong>, que significa \u2018cultura\u2019 en japon\u00e9s, reflejando su vocaci\u00f3n cultural y el v\u00ednculo con la sensibilidad japonesa que sus fundadores han cultivado a lo largo de los a\u00f1os. Si sus ra\u00edces se inspiran en la belleza del paisaje de la Garrotxa, la visi\u00f3n japonesa de la naturaleza les ha dado alas, reafirmando que el paisaje es un elemento transversal y esencial.<\/p>\n<p data-start=\"515\" data-end=\"818\">La etimolog\u00eda de <strong data-start=\"532\" data-end=\"541\">Bunka<\/strong> combina dos kanjis: \ubb38\ud654.\u6587<strong data-start=\"570\" data-end=\"581\">\u00a0(bun)<\/strong> significa \u2018oraci\u00f3n\u2019 y \u2018arte\u2019, y \u5316<strong data-start=\"614\" data-end=\"624\">\u00a0(ka)<\/strong>, \u2018cambio\u2019, una met\u00e1fora de un mundo en constante transformaci\u00f3n. En una era de complejidad e incertidumbre, la creatividad, desde la observaci\u00f3n de lo esencial, se convierte en una respuesta.<\/p>\n<p data-start=\"820\" data-end=\"1288\">Por otra parte, el t\u00e9rmino <strong data-start=\"847\" data-end=\"858\">cultura<\/strong>, del lat\u00edn <em data-start=\"870\" data-end=\"878\">cultus<\/em>, remite al acto de habitar, cultivar, cuidar y honrar. As\u00ed, arquitectura y paisaje se encuentran en la ra\u00edz misma de la cultura: la arquitectura como h\u00e1bitat, el paisaje como tierra transformada por el ser humano. Estas nociones adquieren un significado especial dentro del prop\u00f3sito de la fundaci\u00f3n: fomentar la valoraci\u00f3n de la arquitectura, el paisaje y, por extensi\u00f3n, las artes y la cultura en general.<\/p>\n<p data-start=\"1290\" data-end=\"2112\">Como entidad sin \u00e1nimo de lucro, la fundaci\u00f3n custodia, difunde y preserva el <strong data-start=\"1368\" data-end=\"1393\">Fondo RCR Arquitectes<\/strong> mediante exposiciones, publicaciones y visitas guiadas. Adem\u00e1s, acoge fondos especiales, como el del artista <strong data-start=\"1503\" data-end=\"1528\">Jes\u00fas Vilalta i G\u00fcell<\/strong>, padre de Ramon Vilalta, as\u00ed como piezas de la antigua <strong data-start=\"1588\" data-end=\"1609\">fundici\u00f3n Barber\u00ed<\/strong>, conformando un peque\u00f1o museo. Tambi\u00e9n conserva el archivo completo del fot\u00f3grafo <strong data-start=\"1692\" data-end=\"1708\">Hisao Suzuki<\/strong>, donado en 2021 con el prop\u00f3sito de reunir, inventariar, custodiar y divulgar su legado. Este archivo re\u00fane 45.000 fotograf\u00edas de arquitectura contempor\u00e1nea mundial desde 1986, adem\u00e1s de un valioso conjunto de 1.000 fotograf\u00edas dedicadas a iglesias rom\u00e1nicas, el modernismo y la cocina. El proceso de inventariado y organizaci\u00f3n del material fotogr\u00e1fico es supervisado por el propio autor.<\/p>\n<p data-start=\"2114\" data-end=\"2846\">Asimismo, la fundaci\u00f3n organiza talleres de arquitectura, fotograf\u00eda, danza y filosof\u00eda, promoviendo la percepci\u00f3n sensorial del espacio. Desde 2008, se imparte el <strong data-start=\"2337\" data-end=\"2360\">RCR Summer Workshop <\/strong>en el Espacio Barber\u00ed y, desde 2017, se desarrollan durante todo el a\u00f1o los <strong data-start=\"2455\" data-end=\"2483\">Workshops en RCR La Vila <\/strong>en el Valle de Bianya, con el apoyo de instituciones y empresas. El <strong data-start=\"2530\" data-end=\"2552\">RCR Programa Abierto<\/strong> complementa esta labor con conferencias interdisciplinarias. Adem\u00e1s, el Espacio Barber\u00ed acoge <strong>festivales<\/strong> como Sism\u00f2graf\u00a0(danza), Elmini (m\u00fasica) y Llu\u00e8rnia (arte lum\u00ednico), contribuyendo as\u00ed a la descentralizaci\u00f3n cultural.<\/p>\n<p data-start=\"2848\" data-end=\"3173\">Con la creaci\u00f3n del <strong data-start=\"2868\" data-end=\"2925\">Centro para la Experiencia del Espacio en RCR La Vila<\/strong>, la fundaci\u00f3n ampl\u00eda su alcance con actividades que investigan y experimentan con el espacio. As\u00ed, se refuerza el binomio arquitectura y paisaje como n\u00facleo generador de cultura, situando la creaci\u00f3n entre habitar y construir nuestro futuro.<\/p>\n","protected":false},"excerpt":{"rendered":"<p>El sentido de la cultura en el universo de la creatividad compartida La fundaci\u00f3n, constituida en 2013, recibe el nombre de Bunka, que significa \u2018cultura\u2019 en japon\u00e9s, reflejando su vocaci\u00f3n cultural y el v\u00ednculo con la sensibilidad japonesa que sus fundadores han cultivado a lo largo de los a\u00f1os. Si sus ra\u00edces se inspiran en [&hellip;]<\/p>\n","protected":false},"author":3,"featured_media":0,"parent":0,"menu_order":99,"comment_status":"closed","ping_status":"closed","template":"page-templates\/media_text.php","meta":{"_acf_changed":false,"inline_featured_image":false,"footnotes":""},"class_list":["post-94","page","type-page","status-publish","hentry"],"acf":[],"yoast_head":"<!-- This site is optimized with the Yoast SEO plugin v27.4 - https:\/\/yoast.com\/product\/yoast-seo-wordpress\/ -->\n<title>Fundaci\u00f3n - RCR Arquitectes<\/title>\n<meta name=\"robots\" content=\"index, follow, max-snippet:-1, max-image-preview:large, max-video-preview:-1\" \/>\n<link rel=\"canonical\" href=\"https:\/\/www.rcrarquitectes.es\/es\/fundacio\/\" \/>\n<meta property=\"og:locale\" content=\"es_ES\" \/>\n<meta property=\"og:type\" content=\"article\" \/>\n<meta property=\"og:title\" content=\"Fundaci\u00f3n - RCR Arquitectes\" \/>\n<meta property=\"og:description\" content=\"El sentido de la cultura en el universo de la creatividad compartida La fundaci\u00f3n, constituida en 2013, recibe el nombre de Bunka, que significa \u2018cultura\u2019 en japon\u00e9s, reflejando su vocaci\u00f3n cultural y el v\u00ednculo con la sensibilidad japonesa que sus fundadores han cultivado a lo largo de los a\u00f1os. Si sus ra\u00edces se inspiran en [&hellip;]\" \/>\n<meta property=\"og:url\" content=\"https:\/\/www.rcrarquitectes.es\/es\/fundacio\/\" \/>\n<meta property=\"og:site_name\" content=\"RCR Arquitectes\" \/>\n<meta property=\"article:modified_time\" content=\"2026-01-08T10:04:30+00:00\" \/>\n<meta name=\"twitter:card\" content=\"summary_large_image\" \/>\n<meta name=\"twitter:label1\" content=\"Tiempo de lectura\" \/>\n\t<meta name=\"twitter:data1\" content=\"2 minutos\" \/>\n<script type=\"application\/ld+json\" class=\"yoast-schema-graph\">{\"@context\":\"https:\\\/\\\/schema.org\",\"@graph\":[{\"@type\":\"WebPage\",\"@id\":\"https:\\\/\\\/www.rcrarquitectes.es\\\/es\\\/fundacio\\\/\",\"url\":\"https:\\\/\\\/www.rcrarquitectes.es\\\/es\\\/fundacio\\\/\",\"name\":\"Fundaci\u00f3n - RCR Arquitectes\",\"isPartOf\":{\"@id\":\"https:\\\/\\\/www.rcrarquitectes.es\\\/#website\"},\"datePublished\":\"2021-05-17T04:50:16+00:00\",\"dateModified\":\"2026-01-08T10:04:30+00:00\",\"inLanguage\":\"es\",\"potentialAction\":[{\"@type\":\"ReadAction\",\"target\":[\"https:\\\/\\\/www.rcrarquitectes.es\\\/es\\\/fundacio\\\/\"]}]},{\"@type\":\"WebSite\",\"@id\":\"https:\\\/\\\/www.rcrarquitectes.es\\\/#website\",\"url\":\"https:\\\/\\\/www.rcrarquitectes.es\\\/\",\"name\":\"RCR Arquitectes\",\"description\":\"El universo de la creatividad compartida\",\"potentialAction\":[{\"@type\":\"SearchAction\",\"target\":{\"@type\":\"EntryPoint\",\"urlTemplate\":\"https:\\\/\\\/www.rcrarquitectes.es\\\/?s={search_term_string}\"},\"query-input\":{\"@type\":\"PropertyValueSpecification\",\"valueRequired\":true,\"valueName\":\"search_term_string\"}}],\"inLanguage\":\"es\"}]}<\/script>\n<!-- \/ Yoast SEO plugin. -->","yoast_head_json":{"title":"Fundaci\u00f3n - RCR Arquitectes","robots":{"index":"index","follow":"follow","max-snippet":"max-snippet:-1","max-image-preview":"max-image-preview:large","max-video-preview":"max-video-preview:-1"},"canonical":"https:\/\/www.rcrarquitectes.es\/es\/fundacio\/","og_locale":"es_ES","og_type":"article","og_title":"Fundaci\u00f3n - RCR Arquitectes","og_description":"El sentido de la cultura en el universo de la creatividad compartida La fundaci\u00f3n, constituida en 2013, recibe el nombre de Bunka, que significa \u2018cultura\u2019 en japon\u00e9s, reflejando su vocaci\u00f3n cultural y el v\u00ednculo con la sensibilidad japonesa que sus fundadores han cultivado a lo largo de los a\u00f1os. Si sus ra\u00edces se inspiran en [&hellip;]","og_url":"https:\/\/www.rcrarquitectes.es\/es\/fundacio\/","og_site_name":"RCR Arquitectes","article_modified_time":"2026-01-08T10:04:30+00:00","twitter_card":"summary_large_image","twitter_misc":{"Tiempo de lectura":"2 minutos"},"schema":{"@context":"https:\/\/schema.org","@graph":[{"@type":"WebPage","@id":"https:\/\/www.rcrarquitectes.es\/es\/fundacio\/","url":"https:\/\/www.rcrarquitectes.es\/es\/fundacio\/","name":"Fundaci\u00f3n - RCR Arquitectes","isPartOf":{"@id":"https:\/\/www.rcrarquitectes.es\/#website"},"datePublished":"2021-05-17T04:50:16+00:00","dateModified":"2026-01-08T10:04:30+00:00","inLanguage":"es","potentialAction":[{"@type":"ReadAction","target":["https:\/\/www.rcrarquitectes.es\/es\/fundacio\/"]}]},{"@type":"WebSite","@id":"https:\/\/www.rcrarquitectes.es\/#website","url":"https:\/\/www.rcrarquitectes.es\/","name":"RCR Arquitectes","description":"El universo de la creatividad compartida","potentialAction":[{"@type":"SearchAction","target":{"@type":"EntryPoint","urlTemplate":"https:\/\/www.rcrarquitectes.es\/?s={search_term_string}"},"query-input":{"@type":"PropertyValueSpecification","valueRequired":true,"valueName":"search_term_string"}}],"inLanguage":"es"}]}},"_links":{"self":[{"href":"https:\/\/www.rcrarquitectes.es\/es\/wp-json\/wp\/v2\/pages\/94","targetHints":{"allow":["GET"]}}],"collection":[{"href":"https:\/\/www.rcrarquitectes.es\/es\/wp-json\/wp\/v2\/pages"}],"about":[{"href":"https:\/\/www.rcrarquitectes.es\/es\/wp-json\/wp\/v2\/types\/page"}],"author":[{"embeddable":true,"href":"https:\/\/www.rcrarquitectes.es\/es\/wp-json\/wp\/v2\/users\/3"}],"replies":[{"embeddable":true,"href":"https:\/\/www.rcrarquitectes.es\/es\/wp-json\/wp\/v2\/comments?post=94"}],"version-history":[{"count":4,"href":"https:\/\/www.rcrarquitectes.es\/es\/wp-json\/wp\/v2\/pages\/94\/revisions"}],"predecessor-version":[{"id":11298,"href":"https:\/\/www.rcrarquitectes.es\/es\/wp-json\/wp\/v2\/pages\/94\/revisions\/11298"}],"wp:attachment":[{"href":"https:\/\/www.rcrarquitectes.es\/es\/wp-json\/wp\/v2\/media?parent=94"}],"curies":[{"name":"wp","href":"https:\/\/api.w.org\/{rel}","templated":true}]}}